{"id":53473,"date":"2025-12-18T14:36:08","date_gmt":"2025-12-18T12:36:08","guid":{"rendered":"https:\/\/it.cam4.com\/blog\/?page_id=53473"},"modified":"2025-12-18T14:39:23","modified_gmt":"2025-12-18T12:39:23","slug":"xxxmas25-concorso-fotografico-natale-cam4","status":"publish","type":"page","link":"https:\/\/it.cam4.com\/blog\/xxxmas25-concorso-fotografico-natale-cam4\/","title":{"rendered":"\u2728 Vinci 100$ o uno dei 30 Premi con uno Show festivo \u2744 XXXMas25!"},"content":{"rendered":"\n<p>Anche quest\u2019anno non pu\u00f2 che concludersi con il nostro tradizionalissimo concorso fotografico dedicato agli show sexy natalizii. E come sempre, ci saranno tantissimi premi in token a rendere il tutto pi\u00f9 interessante.&nbsp;<strong>Continua a leggere e scopri come partecipare!<\/strong><\/p>\n\n\n\n<figure class=\"wp-block-image\"><img src=\"http:\/\/performers.cam4.com\/wp-content\/uploads\/IT_XXXMas_Broadcasters_700x394.jpg\" alt=\"\" class=\"wp-image-68855\"\/><\/figure>\n\n\n\n<h2 class=\"has-text-align-center\"><br><strong>Tra il 18 e il 28 dicembre 2025\u00a0fai almeno uno show sexy natalizio\u00a0e pubblica sulla tua bacheca profilo CAM4 almeno una foto o video\u00a0<em>Soft<\/em>\u00a0a tema per partecipare\u00a0e vincere fino a 100$!<\/strong><\/h2>\n\n\n\n<div class=\"wp-block-image\"><figure class=\"aligncenter size-large\"><a href=\"https:\/\/it.cam4.com\/blog\/wp-content\/blogs.dir\/3\/files\/2025\/12\/gingerbread-woman.png\"><img width=\"100\" height=\"100\" src=\"https:\/\/it.cam4.com\/blog\/wp-content\/blogs.dir\/3\/files\/2025\/12\/gingerbread-woman.png\" alt=\"\" class=\"wp-image-53474\" srcset=\"https:\/\/it.cam4.com\/blog\/wp-content\/blogs.dir\/3\/files\/2025\/12\/gingerbread-woman.png 100w, https:\/\/it.cam4.com\/blog\/wp-content\/blogs.dir\/3\/files\/2025\/12\/gingerbread-woman-24x24.png 24w, https:\/\/it.cam4.com\/blog\/wp-content\/blogs.dir\/3\/files\/2025\/12\/gingerbread-woman-36x36.png 36w, https:\/\/it.cam4.com\/blog\/wp-content\/blogs.dir\/3\/files\/2025\/12\/gingerbread-woman-48x48.png 48w\" sizes=\"(max-width: 100px) 100vw, 100px\" \/><\/a><\/figure><\/div>\n\n\n\n<p><\/p>\n\n\n\n<h3 class=\"has-text-align-center has-text-color\" style=\"color:#2c2c2c\">\u00a0\u2728<strong>30 PREMI Globali CAM4<\/strong> alle foto con i costumi festivi pi\u00f9 sexy e originali:<br><br><strong>1000 Token<\/strong>\u00a0\u2728\u00a0<strong>premio<\/strong>\u00a0<strong><em>Miss<\/em>\u00a0CAM4 XXXMas<\/strong><br><br><strong>1000 Token<\/strong>\u00a0\u2728\u00a0<strong>premio\u00a0<em>Mister<\/em>\u00a0CAM4 XXXMas<\/strong><\/h3>\n\n\n\n<h3 class=\"has-text-align-center has-text-color\" style=\"color:#2c2c2c\"><br>\u2744&nbsp;<strong>3 premi amatoriali XXXMas da&nbsp;500 Token<\/strong><\/h3>\n\n\n\n<h3 class=\"has-text-align-center has-text-color\" style=\"color:#2c2c2c\">\u2744&nbsp;<strong>10 premi&nbsp;XXXmas da&nbsp;200 Token<\/strong><\/h3>\n\n\n\n<h3 class=\"has-text-align-center has-text-color\" style=\"color:#2c2c2c\">\u2744&nbsp; <strong>10 premi&nbsp;da&nbsp;100 Token<\/strong>&nbsp;<\/h3>\n\n\n\n<p class=\"has-text-align-center\">\u2744 <strong>premi extra<\/strong>&nbsp;<strong>CAM4 Italia<\/strong>&nbsp;<\/p>\n\n\n\n<p class=\"has-text-align-center\"><em>Al termine del contest i manager CAM4 di ogni Paese partecipante giudicheranno i migliori contenuti in base alla&nbsp;<strong>qualit\u00e0 e creativit\u00e0 dei costumi e all\u2019impegno complessivo<\/strong>&nbsp;nello show.<\/em><\/p>\n\n\n\n<h4 class=\"has-text-align-center\"><img src=\"http:\/\/performers.cam4.com\/wp-content\/uploads\/north-pole-dancer.png\"><\/h4>\n\n\n\n<h2>&nbsp;<strong>Come partecipare<\/strong>&nbsp;<em>(segui tutti i passaggi):<\/em><\/h2>\n\n\n\n<p>\u2744 Programma uno show nel&nbsp;<a href=\"https:\/\/it.cam4.com\/training\/primi-passi-su-cam4\/programmare-gli-show-in-webcam-dal-vivo\"><strong>calendario trasmissioni CAM4<\/strong>&nbsp;<\/a>da realizzare tra&nbsp;<strong>*il 18 e il 28 Dicembre 2025*&nbsp;<\/strong>e inserisci nella descrizione il tag&nbsp;<strong>#XXXMAS25<\/strong><\/p>\n\n\n\n<p>\u2744&nbsp;Prima del tuo show,<strong>pubblica sulla tua Bacheca<\/strong>&nbsp;profilo CAM4 un&nbsp;<strong>post gratuito<\/strong>&nbsp;contenente una tua foto o un video&nbsp;<strong>SOFT&nbsp;<\/strong><em>(senza mostrare genitali)&nbsp;<\/em><strong>con il tuo costume sexy a tema festivo<\/strong>&nbsp;e inserisci come descrizione nel post:&nbsp;<strong>#XXXMAS25<\/strong><\/p>\n\n\n\n<p>\u2744&nbsp;Realizza&nbsp;<em>almeno&nbsp;<\/em>uno show sexy natalizio entro il 28 Dicembre.&nbsp;Quando avvii la trasmissione inserisci&nbsp; il tag:&nbsp;<strong>#XXXMas25<\/strong><\/p>\n\n\n\n<figure class=\"wp-block-image\"><img src=\"http:\/\/performers.cam4.com\/wp-content\/uploads\/xmas-750x315.png\" alt=\"\" class=\"wp-image-68852\"\/><\/figure>\n\n\n\n<p><strong><mark>\u2295&nbsp;Come pubblicare un post in bacheca:<\/mark><br><br><\/strong>Clicca su la Mia Bacheca, nel menu in alto a destra, quindi fai click su&nbsp;<strong>Crea Post&nbsp;\u2295<\/strong>. Clicca in alto per caricare la tua foto o video. Scrivi il tuo messaggio contenente&nbsp;<strong>#XXXMas25<\/strong>.<\/p>\n\n\n\n<p><em>Ricorda di&nbsp;<strong>NON impostare alcun prezzo<\/strong>, in questo modo il tuo post sar\u00e0&nbsp;<\/em><strong><em>pubblico<\/em><\/strong><\/p>\n\n\n\n<p>Quindi clicca su&nbsp;<strong>Pubblica Post<\/strong>.<\/p>\n\n\n\n<figure class=\"wp-block-image\"><img src=\"https:\/\/performers.cam4.com\/wp-content\/uploads\/Screenshot-2025-12-16-at-16.55.23-527x750.png\" alt=\"\" class=\"wp-image-68872\"\/><\/figure>\n\n\n\n<h2 class=\"has-text-color\" style=\"color:#007633\">Idee per sexy show coi fiocchi!<\/h2>\n\n\n\n<ul><li>Addobba il tuo albero di Natale in diretta o personalizzalo con il nome dei tuoi fan:<br>es. a<em>ppendo la palla sul mio albero con il tuo nome utente per 50 Token.<\/em><\/li><li>Avvolgi delle lucine o ghirlande attorno al corpo\u2026<\/li><li>Attacca il vischio sulla biancheria intima\u2026 o dove vorresti ricevere un bacio&nbsp;\ud83d\ude09<\/li><li>Giochi festivi per i tuoi spettatori: crea lotterie o usa i tipping games CAM4 per giocare con la tua room.<\/li><li>Decora i tuoi sex toy, usa dell\u2019intimo sexy. Di che colore?&nbsp;<em>Rosso!<\/em><br><br><em><a href=\"https:\/\/it.cam4.com\/blog\/gallery-cam4-xxxmas-natale-sexy-2024\/\"><strong><mark>*Clicca qui per la Gallery dei Vincitori dello scorso xxxMas!<\/mark><\/strong><\/a><\/em><\/li><\/ul>\n\n\n\n<figure class=\"wp-block-image\"><a href=\"https:\/\/it.cam4.com\/blog\/gallery-cam4-xxxmas-natale-sexy-2024\/\"><img src=\"https:\/\/it.cam4.com\/blog\/wp-content\/blogs.dir\/3\/files\/2025\/01\/xxxmas_cam4.gif\" alt=\"\"\/><\/a><\/figure>\n\n\n\n<p><mark><strong><\/strong>&nbsp;<strong>Promuovi il tuo costume sexy anche su X!<\/strong><\/mark><br>Ricorda di inserire i tag #CAM4 e #XXXMas25 per raggiungere un pubblico maggiore e avere la possinbilit\u00e0 di esser ritwittato dai nostri canali ufficiali.<\/p>\n\n\n\n<p>Ricorda di rendere il tuo account X&nbsp;pubblico e non privato per non nascondere i tuoi contenuti a chi non \u00e8 tra i tuoi follower.<\/p>\n\n\n\n<p>Posta sempre video, foto e GIF in&nbsp;<strong>buona risoluzione<\/strong>&nbsp;(HD), creative e&nbsp;<strong>prive di loghi o descrizioni<\/strong>.&nbsp;<\/p>\n\n\n\n<h4 class=\"has-text-color\" style=\"color:#007a1a\"><strong>*REGOLAMENTO*<\/strong><\/h4>\n\n\n\n<ul><li>Potranno partecipare solo i performer con account verificato.<\/li><li>Lo show dovr\u00e0 esser programmato nel tuo calendario CAM4 con il tag&nbsp;<strong>#XXXMas25<\/strong>&nbsp;in descrizione<strong>tra il 18 e il 28 Dicembre 2025<\/strong>.<\/li><li>Lo show dovr\u00e0 esser a tema festivit\u00e0 sexy. Durante il live show dovrai inserire come stato e descrizione dello show i tag: #XXXMas25<\/li><li>Prima del tuo show dovrai&nbsp;<strong>postare sulla tua bacheca profilo<\/strong>&nbsp;CAM4 almeno una tua foto, GIF o video sexy in costume natalizio. Ricorda di inserire nel post il tag&nbsp;<strong>#XXXMas25.<\/strong><\/li><li>Il&nbsp;<strong>post dovr\u00e0 esser pubblico<\/strong>, e quindi non avere un costo, e contenere foto o video&nbsp;<strong>SFW<\/strong>&nbsp;(non mostrare genitali o scene esplicite con sesso).<\/li><li>Le foto e i video dovranno esser dei&nbsp;<strong>nuovi contenuti e rispecchiare i costumi e lo show XXXMas&nbsp;<\/strong>realizzato su CAM4 in diretta.&nbsp;<em>Foto e video twittati nelle scorse edizioni non saranno presi in considerazione.<\/em><\/li><li>Ogni performer potr\u00e0 effettuare pi\u00f9 show a tema e post con diversi costumi, ma potr\u00e0 vincere soltanto 1 premio.<\/li><li><strong>Non saranno pagati token per la sola partecipazione<\/strong>.&nbsp;<em>Partecipando con uno show e un contenuto in bacheca prendi parte al concorso fotografico a premi<\/em><br><br><em>Nota: solo i performer che avranno guadagnato almeno 50$ (500 Token) nel periodo che va dal 1 al 30 dicembre 2025 potranno vincere i premi da 1000 Token e 500 Token<\/em>.<br><br><em>I performer che avranno guadagnato meno di 250 token parteciperanno comunque alla gara per vincere i premi da 250 token e 100 token.<\/em><strong>I vincitori delle foto o video riceveranno un messaggio su CAM4.I premi saranno accreditati entro il 5 Gennaio 2026<\/strong><\/li><\/ul>\n","protected":false},"excerpt":{"rendered":"<p>Anche quest\u2019anno non pu\u00f2 che concludersi con il nostro tradizionalissimo concorso fotografico dedicato agli show sexy natalizii. E come sempre, ci saranno tantissimi<\/p>\n","protected":false},"author":1,"featured_media":0,"parent":0,"menu_order":0,"comment_status":"closed","ping_status":"closed","template":"","meta":[],"yoast_head":"<!-- This site is optimized with the Yoast SEO plugin v19.7.1 - https:\/\/yoast.com\/wordpress\/plugins\/seo\/ -->\n<title>\u2728 Vinci 100$ o uno dei 30 Premi con uno Show festivo \u2744 XXXMas25! | Cam4 Blog Italiano | La migliore video-chat amatoriale web-cam gratis<\/title>\n<meta name=\"robots\" content=\"index, follow, max-snippet:-1, max-image-preview:large, max-video-preview:-1\" \/>\n<link rel=\"canonical\" href=\"https:\/\/it.cam4.com\/blog\/xxxmas25-concorso-fotografico-natale-cam4\/\" \/>\n<meta property=\"og:locale\" content=\"en_US\" \/>\n<meta property=\"og:type\" content=\"article\" \/>\n<meta property=\"og:title\" content=\"\u2728 Vinci 100$ o uno dei 30 Premi con uno Show festivo \u2744 XXXMas25! | Cam4 Blog Italiano | La migliore video-chat amatoriale web-cam gratis\" \/>\n<meta property=\"og:description\" content=\"Anche quest\u2019anno non pu\u00f2 che concludersi con il nostro tradizionalissimo concorso fotografico dedicato agli show sexy natalizii. E come sempre, ci saranno tantissimi\" \/>\n<meta property=\"og:url\" content=\"https:\/\/it.cam4.com\/blog\/xxxmas25-concorso-fotografico-natale-cam4\/\" \/>\n<meta property=\"og:site_name\" content=\"Cam4 Blog Italiano | La migliore video-chat amatoriale web-cam gratis\" \/>\n<meta property=\"article:modified_time\" content=\"2025-12-18T12:39:23+00:00\" \/>\n<meta property=\"og:image\" content=\"http:\/\/performers.cam4.com\/wp-content\/uploads\/IT_XXXMas_Broadcasters_700x394.jpg\" \/>\n<meta name=\"twitter:card\" content=\"summary_large_image\" \/>\n<meta name=\"twitter:site\" content=\"@cam4_it\" \/>\n<meta name=\"twitter:label1\" content=\"Est. reading time\" \/>\n\t<meta name=\"twitter:data1\" content=\"5 minutes\" \/>\n<script type=\"application\/ld+json\" class=\"yoast-schema-graph\">{\"@context\":\"https:\/\/schema.org\",\"@graph\":[{\"@type\":\"WebPage\",\"@id\":\"https:\/\/it.cam4.com\/blog\/xxxmas25-concorso-fotografico-natale-cam4\/\",\"url\":\"https:\/\/it.cam4.com\/blog\/xxxmas25-concorso-fotografico-natale-cam4\/\",\"name\":\"\u2728 Vinci 100$ o uno dei 30 Premi con uno Show festivo \u2744 XXXMas25! | Cam4 Blog Italiano | La migliore video-chat amatoriale web-cam gratis\",\"isPartOf\":{\"@id\":\"https:\/\/it.cam4.com\/blog\/#website\"},\"datePublished\":\"2025-12-18T12:36:08+00:00\",\"dateModified\":\"2025-12-18T12:39:23+00:00\",\"breadcrumb\":{\"@id\":\"https:\/\/it.cam4.com\/blog\/xxxmas25-concorso-fotografico-natale-cam4\/#breadcrumb\"},\"inLanguage\":\"en-US\",\"potentialAction\":[{\"@type\":\"ReadAction\",\"target\":[\"https:\/\/it.cam4.com\/blog\/xxxmas25-concorso-fotografico-natale-cam4\/\"]}]},{\"@type\":\"BreadcrumbList\",\"@id\":\"https:\/\/it.cam4.com\/blog\/xxxmas25-concorso-fotografico-natale-cam4\/#breadcrumb\",\"itemListElement\":[{\"@type\":\"ListItem\",\"position\":1,\"name\":\"\u2728 Vinci 100$ o uno dei 30 Premi con uno Show festivo \u2744 XXXMas25!\"}]},{\"@type\":\"WebSite\",\"@id\":\"https:\/\/it.cam4.com\/blog\/#website\",\"url\":\"https:\/\/it.cam4.com\/blog\/\",\"name\":\"Cam4 Blog Italiano | La migliore video-chat amatoriale web-cam gratis\",\"description\":\"News sulla migliore video-chat sexy amatoriale | Ragazze,ragazzi,trans in web-cam coppie scambiste dal vivo gratis senza censura divertendosi e guadagnando\",\"potentialAction\":[{\"@type\":\"SearchAction\",\"target\":{\"@type\":\"EntryPoint\",\"urlTemplate\":\"https:\/\/it.cam4.com\/blog\/?s={search_term_string}\"},\"query-input\":\"required name=search_term_string\"}],\"inLanguage\":\"en-US\"}]}<\/script>\n<!-- \/ Yoast SEO plugin. -->","yoast_head_json":{"title":"\u2728 Vinci 100$ o uno dei 30 Premi con uno Show festivo \u2744 XXXMas25! | Cam4 Blog Italiano | La migliore video-chat amatoriale web-cam gratis","robots":{"index":"index","follow":"follow","max-snippet":"max-snippet:-1","max-image-preview":"max-image-preview:large","max-video-preview":"max-video-preview:-1"},"canonical":"https:\/\/it.cam4.com\/blog\/xxxmas25-concorso-fotografico-natale-cam4\/","og_locale":"en_US","og_type":"article","og_title":"\u2728 Vinci 100$ o uno dei 30 Premi con uno Show festivo \u2744 XXXMas25! | Cam4 Blog Italiano | La migliore video-chat amatoriale web-cam gratis","og_description":"Anche quest\u2019anno non pu\u00f2 che concludersi con il nostro tradizionalissimo concorso fotografico dedicato agli show sexy natalizii. E come sempre, ci saranno tantissimi","og_url":"https:\/\/it.cam4.com\/blog\/xxxmas25-concorso-fotografico-natale-cam4\/","og_site_name":"Cam4 Blog Italiano | La migliore video-chat amatoriale web-cam gratis","article_modified_time":"2025-12-18T12:39:23+00:00","og_image":[{"url":"http:\/\/performers.cam4.com\/wp-content\/uploads\/IT_XXXMas_Broadcasters_700x394.jpg"}],"twitter_card":"summary_large_image","twitter_site":"@cam4_it","twitter_misc":{"Est. reading time":"5 minutes"},"schema":{"@context":"https:\/\/schema.org","@graph":[{"@type":"WebPage","@id":"https:\/\/it.cam4.com\/blog\/xxxmas25-concorso-fotografico-natale-cam4\/","url":"https:\/\/it.cam4.com\/blog\/xxxmas25-concorso-fotografico-natale-cam4\/","name":"\u2728 Vinci 100$ o uno dei 30 Premi con uno Show festivo \u2744 XXXMas25! | Cam4 Blog Italiano | La migliore video-chat amatoriale web-cam gratis","isPartOf":{"@id":"https:\/\/it.cam4.com\/blog\/#website"},"datePublished":"2025-12-18T12:36:08+00:00","dateModified":"2025-12-18T12:39:23+00:00","breadcrumb":{"@id":"https:\/\/it.cam4.com\/blog\/xxxmas25-concorso-fotografico-natale-cam4\/#breadcrumb"},"inLanguage":"en-US","potentialAction":[{"@type":"ReadAction","target":["https:\/\/it.cam4.com\/blog\/xxxmas25-concorso-fotografico-natale-cam4\/"]}]},{"@type":"BreadcrumbList","@id":"https:\/\/it.cam4.com\/blog\/xxxmas25-concorso-fotografico-natale-cam4\/#breadcrumb","itemListElement":[{"@type":"ListItem","position":1,"name":"\u2728 Vinci 100$ o uno dei 30 Premi con uno Show festivo \u2744 XXXMas25!"}]},{"@type":"WebSite","@id":"https:\/\/it.cam4.com\/blog\/#website","url":"https:\/\/it.cam4.com\/blog\/","name":"Cam4 Blog Italiano | La migliore video-chat amatoriale web-cam gratis","description":"News sulla migliore video-chat sexy amatoriale | Ragazze,ragazzi,trans in web-cam coppie scambiste dal vivo gratis senza censura divertendosi e guadagnando","potentialAction":[{"@type":"SearchAction","target":{"@type":"EntryPoint","urlTemplate":"https:\/\/it.cam4.com\/blog\/?s={search_term_string}"},"query-input":"required name=search_term_string"}],"inLanguage":"en-US"}]}},"_links":{"self":[{"href":"https:\/\/it.cam4.com\/blog\/wp-json\/wp\/v2\/pages\/53473"}],"collection":[{"href":"https:\/\/it.cam4.com\/blog\/wp-json\/wp\/v2\/pages"}],"about":[{"href":"https:\/\/it.cam4.com\/blog\/wp-json\/wp\/v2\/types\/page"}],"author":[{"embeddable":true,"href":"https:\/\/it.cam4.com\/blog\/wp-json\/wp\/v2\/users\/1"}],"replies":[{"embeddable":true,"href":"https:\/\/it.cam4.com\/blog\/wp-json\/wp\/v2\/comments?post=53473"}],"version-history":[{"count":3,"href":"https:\/\/it.cam4.com\/blog\/wp-json\/wp\/v2\/pages\/53473\/revisions"}],"predecessor-version":[{"id":53479,"href":"https:\/\/it.cam4.com\/blog\/wp-json\/wp\/v2\/pages\/53473\/revisions\/53479"}],"wp:attachment":[{"href":"https:\/\/it.cam4.com\/blog\/wp-json\/wp\/v2\/media?parent=53473"}],"curies":[{"name":"wp","href":"https:\/\/api.w.org\/{rel}","templated":true}]}}