{"id":41982,"date":"2022-05-10T16:15:46","date_gmt":"2022-05-10T14:15:46","guid":{"rendered":"https:\/\/it.cam4.com\/blog\/?page_id=41982"},"modified":"2022-06-01T17:46:29","modified_gmt":"2022-06-01T15:46:29","slug":"vip-performer-contest-maggio-2022","status":"publish","type":"page","link":"https:\/\/it.cam4.com\/blog\/vip-performer-contest-maggio-2022\/","title":{"rendered":"VIP Performer Contest \u2605 Maggio 2022 \u265b"},"content":{"rendered":"\n<figure class=\"wp-block-image size-large\"><img width=\"1024\" height=\"264\" src=\"https:\/\/it.cam4.com\/blog\/wp-content\/blogs.dir\/3\/files\/2020\/04\/vip-contest-maggio-1024x264.jpg\" alt=\"\" class=\"wp-image-35884\" srcset=\"https:\/\/it.cam4.com\/blog\/wp-content\/blogs.dir\/3\/files\/2020\/04\/vip-contest-maggio-1024x264.jpg 1024w, https:\/\/it.cam4.com\/blog\/wp-content\/blogs.dir\/3\/files\/2020\/04\/vip-contest-maggio-300x77.jpg 300w, https:\/\/it.cam4.com\/blog\/wp-content\/blogs.dir\/3\/files\/2020\/04\/vip-contest-maggio-768x198.jpg 768w, https:\/\/it.cam4.com\/blog\/wp-content\/blogs.dir\/3\/files\/2020\/04\/vip-contest-maggio.jpg 1096w\" sizes=\"(max-width: 1024px) 100vw, 1024px\" \/><\/figure>\n\n\n\n<h2 class=\"has-text-align-center\"><span class=\"has-inline-color has-luminous-vivid-amber-color\">\u2728 VIP <\/span><span class=\"has-inline-color has-black-color\">WINNERS CAM<\/span><span class=\"has-inline-color has-luminous-vivid-orange-color\">4<\/span><span class=\"has-inline-color has-black-color\"> Italia<em> <\/em><\/span><span class=\"has-inline-color has-luminous-vivid-amber-color\">\u2728 <\/span><br><em><span class=\"has-inline-color has-black-color\">Maggio 2022<\/span><\/em><\/h2>\n\n\n\n<h2 class=\"has-text-align-center\"><span class=\"has-inline-color has-vivid-purple-color\">BazzucaMoon<\/span><span class=\"has-inline-color has-black-color\">      \u265b <\/span><strong><span class=\"has-inline-color has-vivid-purple-color\">500<sub>$<\/sub><\/span><\/strong><span class=\"has-inline-color has-black-color\"><strong> <\/strong>\u265b<br>Damarossaaaa    \ud83d\udc8e <\/span><strong><span class=\"has-inline-color has-luminous-vivid-amber-color\">300<sub>$<\/sub><\/span><\/strong><span class=\"has-inline-color has-black-color\"><strong> <\/strong>\ud83d\udc8e<br>Zulema89      <strong> <\/strong><\/span><strong><span class=\"has-inline-color has-luminous-vivid-amber-color\">\ud83d\udc8e 200<sub>$<\/sub> <\/span><\/strong><span class=\"has-inline-color has-black-color\">\ud83d\udc8e<br>Dolce_Tea74    \ud83d\udc8e<\/span> <strong><span class=\"has-inline-color has-luminous-vivid-amber-color\">100<sub>$<\/sub><\/span><\/strong><span class=\"has-inline-color has-black-color\"><strong> <\/strong><\/span>\ud83d\udc8e<br><br>   <span class=\"has-inline-color has-black-color\">_Jess          \ud83d\udc8e   <\/span><strong><span class=\"has-inline-color has-luminous-vivid-amber-color\">50<sub>$<\/sub><\/span><\/strong><span class=\"has-inline-color has-black-color\"><strong> \ud83d\udc8e <\/strong><br>Nicole_98    \ud83d\udc8e  <\/span><strong><span class=\"has-inline-color has-luminous-vivid-amber-color\">50<sub>$<\/sub><\/span><\/strong><span class=\"has-inline-color has-black-color\"><strong> <\/strong>\ud83d\udc8e<br>Selene1975   \ud83d\udc8e<\/span><strong><span class=\"has-inline-color has-luminous-vivid-amber-color\">50<sub>$<\/sub> <\/span><\/strong><span class=\"has-inline-color has-black-color\">\ud83d\udc8e<br>Allyson22Andy  \ud83d\udc8e <\/span><strong><span class=\"has-inline-color has-luminous-vivid-amber-color\">50<sub>$<\/sub><\/span><\/strong><span class=\"has-inline-color has-black-color\"><strong> <\/strong>\ud83d\udc8e<\/span><br><\/h2>\n\n\n\n<h4 class=\"has-text-align-center\">____________<br><\/h4>\n\n\n\n<h4 class=\"has-text-align-center\"><strong><span class=\"has-inline-color has-vivid-purple-color\">Dal 16 al 31 Maggio 2022<\/span><em> <\/em>trasmetti su CAM4 e fai il pieno di token per vincere il contest pi\u00f9 esclusivo CAM4 Italia e la corona VIP!<\/strong><br><br><\/h4>\n\n\n\n<h2 class=\"has-text-align-center\">\u2728<strong><span class=\"has-inline-color has-vivid-purple-color\">8 PREMI<\/span><\/strong><span class=\"has-inline-color has-black-color\"><strong> VIP CAM4 <\/strong><\/span>Italia \u2728<\/h2>\n\n\n\n<h2 class=\"has-text-align-center\"><span class=\"has-inline-color has-black-color\">1\u00b0 Premio <\/span><sup><span class=\"has-inline-color has-black-color\">\u265b<\/span><\/sup><span class=\"has-inline-color has-black-color\"> <\/span><strong><span class=\"has-inline-color has-vivid-purple-color\">500<sub>$<\/sub><\/span><\/strong><span class=\"has-inline-color has-black-color\"><strong> <\/strong>\ud83d\udc8e<br>2\u00b0 Premio <\/span><strong><span class=\"has-inline-color has-luminous-vivid-amber-color\">300<sub>$<\/sub><\/span><\/strong><span class=\"has-inline-color has-black-color\"><strong> <\/strong>\ud83d\udc8e<br>3\u00b0 Premio<strong> <\/strong><\/span><strong><span class=\"has-inline-color has-luminous-vivid-amber-color\">200<sub>$<\/sub> <\/span><\/strong><span class=\"has-inline-color has-black-color\">\ud83d\udc8e<br>4\u00b0 Premio <\/span><strong><span class=\"has-inline-color has-luminous-vivid-amber-color\">100<sub>$<\/sub><\/span><\/strong><span class=\"has-inline-color has-black-color\"><strong> <\/strong><\/span>\ud83d\udc8e<br><br><span class=\"has-inline-color has-black-color\">5\u00b0 Premio <\/span><strong><span class=\"has-inline-color has-luminous-vivid-amber-color\">50<sub>$<\/sub><\/span><\/strong><span class=\"has-inline-color has-black-color\"><strong> <\/strong>\ud83d\udc8e<br>6\u00b0 Premio <\/span><strong><span class=\"has-inline-color has-luminous-vivid-amber-color\">50<sub>$<\/sub><\/span><\/strong><span class=\"has-inline-color has-black-color\"><strong> <\/strong>\ud83d\udc8e<br>7\u00b0 Premio <\/span><strong><span class=\"has-inline-color has-luminous-vivid-amber-color\">50<sub>$<\/sub> <\/span><\/strong><span class=\"has-inline-color has-black-color\">\ud83d\udc8e<br>8\u00b0 Premio <\/span><strong><span class=\"has-inline-color has-luminous-vivid-amber-color\">50<sub>$<\/sub><\/span><\/strong><span class=\"has-inline-color has-black-color\"><strong> <\/strong>\ud83d\udc8e<\/span><\/h2>\n\n\n\n<p class=\"has-text-align-center\"><strong><span class=\"has-inline-color has-vivid-purple-color\">TUTTI I PERFORMER ITALIANI SONO AUTOMATICAMENTE IN GIOCO.<\/span><\/strong><\/p>\n\n\n\n<p class=\"has-text-align-center\"><strong><em>I performer nella TOP 20 riceverranno aggiornamenti settimanali sulla classifica provvisoria tramite un messaggio di notifica su CAM4<\/em><\/strong><br><br><strong><span class=\"has-inline-color has-black-color\">Se NON intendi partecipare al contest e non vuoi che il tuo nome sia visualizzato nella Chart provvisoria, invia un\u2019e-mail a <\/span><a rel=\"noreferrer noopener\" href=\"mailto:cam4_it@cam4.com\" target=\"_blank\"><span class=\"has-inline-color has-luminous-vivid-amber-color\">cam4_it@cam4.com<\/span><\/a><span class=\"has-inline-color has-black-color\"> con riferimento \u201cVIP Contest\u201d.<\/span><\/strong><br><br>_______________________________<\/p>\n\n\n\n<h2 class=\"has-text-align-center\"><span class=\"has-inline-color has-vivid-purple-color\"><em>Come vincere uno dei PREMI?<\/em><\/span><\/h2>\n\n\n\n<p class=\"has-text-align-center\"><strong><span class=\"has-inline-color has-black-color\">Trasmetti su CAM4 e guadagna pi\u00f9 che puoi <em>dal 16 al 31 Maggio 2022<\/em>. <\/span><\/strong><br><strong><span class=\"has-inline-color has-black-color\">Al termine del periodo indicato, gli OTTO performer CAM4 Italia che avranno guadagnato di pi\u00f9 vinceranno uno degli incredibili premi!<\/span><\/strong><\/p>\n\n\n\n<p class=\"has-text-align-center has-background\" style=\"background-color:#fef7fe\"><strong>\u26a0\ufe0f ATTENZIONE! \u26a0\ufe0f<em> <\/em><\/strong><br><strong>Questo \u00e8 il concorso CAM4 Italia con premi pi\u00f9 alti. NON saranno conteggiati token provenienti da altri performer o account collegati, n\u00e9 da accordi con utenti al fine di alterare i risultati del concorso.<\/strong><\/p>\n\n\n\n<figure class=\"wp-block-image\"><img width=\"1011\" height=\"121\" src=\"https:\/\/it.cam4.com\/blog\/wp-content\/blogs.dir\/3\/files\/2019\/11\/image_2019_08_07T15_32_57_297Z.png\" alt=\"\" class=\"wp-image-34163\" srcset=\"https:\/\/it.cam4.com\/blog\/wp-content\/blogs.dir\/3\/files\/2019\/11\/image_2019_08_07T15_32_57_297Z.png 1011w, https:\/\/it.cam4.com\/blog\/wp-content\/blogs.dir\/3\/files\/2019\/11\/image_2019_08_07T15_32_57_297Z-300x36.png 300w, https:\/\/it.cam4.com\/blog\/wp-content\/blogs.dir\/3\/files\/2019\/11\/image_2019_08_07T15_32_57_297Z-768x92.png 768w\" sizes=\"(max-width: 1011px) 100vw, 1011px\" \/><\/figure>\n\n\n\n<hr class=\"wp-block-separator\"\/>\n\n\n\n<h2><span class=\"has-inline-color has-vivid-purple-color\">Regolamento:<\/span><\/h2>\n\n\n\n<p>\u2013 Partecipano a questo contest <strong>solo i performer con account verificato che trasmettono dall\u2019Italia e Svizzera italiana<\/strong>.<\/p>\n\n\n\n<p>\u2013 <strong>Vinceranno i premi gli 8 performer CAM4 Italia con i guadagni maggiori<\/strong> registrati su CAM4 nel periodo indicato .<em> Non rientreranno nel conteggio i guadagni derivanti da bonus e premi<\/em><\/p>\n\n\n\n<p>\u2013 Il conteggio dei guadagni avr\u00e0 inizio <em><strong>dal 16 Maggio<\/strong><\/em> <em><strong>e terminer\u00e0 il 31 Maggio 2022<\/strong><\/em>* <em>(server time: dalle ore 5:00 am del 16<\/em> Maggio<em> alle 5:00 am del Primo Giugno 2022)*.<\/em><\/p>\n\n\n\n<p>&#8211;<strong>&#8211; Saranno conteggiati massimo 10.000 Token (1<\/strong>.<strong>000$) derivanti dallo stesso tipper.<\/strong><\/p>\n\n\n\n<p>\u2013<strong> Non sono conteggiati token inviati da altri performer<\/strong>.  I passaggi di token da altri account<em> (es. moderatori, account collegati) <\/em>dovranno essere dichiarati tramite e-mail all\u2019indirizzo: <a href=\"mailto:cam4_it@cam4.com\" target=\"_blank\" rel=\"noreferrer noopener\">cam4_it@cam4.com<\/a><\/p>\n\n\n\n<p>\u2013 Ogni tentativo di frode comporter\u00e0 l\u2019esclusione dal concorso dei relativi premi di CAM4.<\/p>\n\n\n\n<p><\/p>\n","protected":false},"excerpt":{"rendered":"<p>\u2728 VIP WINNERS CAM4 Italia<em> <\/em>\u2728 <em>Maggio 2022<\/em> BazzucaMoon \u265b <strong>500$<\/strong><strong> <\/strong>\u265bDamarossaaaa \ud83d\udc8e <strong>300$<\/strong><strong> <\/strong>\ud83d\udc8eZulema89 <strong> <\/strong><strong>\ud83d\udc8e 200$ <\/strong>\ud83d\udc8eDolce_Tea74 \ud83d\udc8e <strong>100$<\/strong><strong> <\/strong>\ud83d\udc8e _Jess<\/p>\n","protected":false},"author":1,"featured_media":0,"parent":0,"menu_order":0,"comment_status":"closed","ping_status":"closed","template":"","meta":[],"yoast_head":"<!-- This site is optimized with the Yoast SEO plugin v19.7.1 - https:\/\/yoast.com\/wordpress\/plugins\/seo\/ -->\n<title>VIP Performer Contest \u2605 Maggio 2022 \u265b | Cam4 Blog Italiano | La migliore video-chat amatoriale web-cam gratis<\/title>\n<meta name=\"robots\" content=\"index, follow, max-snippet:-1, max-image-preview:large, max-video-preview:-1\" \/>\n<link rel=\"canonical\" href=\"https:\/\/it.cam4.com\/blog\/vip-performer-contest-maggio-2022\/\" \/>\n<meta property=\"og:locale\" content=\"en_US\" \/>\n<meta property=\"og:type\" content=\"article\" \/>\n<meta property=\"og:title\" content=\"VIP Performer Contest \u2605 Maggio 2022 \u265b | Cam4 Blog Italiano | La migliore video-chat amatoriale web-cam gratis\" \/>\n<meta property=\"og:description\" content=\"\u2728 VIP WINNERS CAM4 Italia \u2728 Maggio 2022 BazzucaMoon \u265b 500$ \u265bDamarossaaaa \ud83d\udc8e 300$ \ud83d\udc8eZulema89 \ud83d\udc8e 200$ \ud83d\udc8eDolce_Tea74 \ud83d\udc8e 100$ \ud83d\udc8e _Jess\" \/>\n<meta property=\"og:url\" content=\"https:\/\/it.cam4.com\/blog\/vip-performer-contest-maggio-2022\/\" \/>\n<meta property=\"og:site_name\" content=\"Cam4 Blog Italiano | La migliore video-chat amatoriale web-cam gratis\" \/>\n<meta property=\"article:modified_time\" content=\"2022-06-01T15:46:29+00:00\" \/>\n<meta property=\"og:image\" content=\"https:\/\/it.cam4.com\/blog\/wp-content\/blogs.dir\/3\/files\/2020\/04\/vip-contest-maggio-1024x264.jpg\" \/>\n<meta name=\"twitter:card\" content=\"summary_large_image\" \/>\n<meta name=\"twitter:site\" content=\"@cam4_it\" \/>\n<meta name=\"twitter:label1\" content=\"Est. reading time\" \/>\n\t<meta name=\"twitter:data1\" content=\"1 minute\" \/>\n<script type=\"application\/ld+json\" class=\"yoast-schema-graph\">{\"@context\":\"https:\/\/schema.org\",\"@graph\":[{\"@type\":\"WebPage\",\"@id\":\"https:\/\/it.cam4.com\/blog\/vip-performer-contest-maggio-2022\/\",\"url\":\"https:\/\/it.cam4.com\/blog\/vip-performer-contest-maggio-2022\/\",\"name\":\"VIP Performer Contest \u2605 Maggio 2022 \u265b | Cam4 Blog Italiano | La migliore video-chat amatoriale web-cam gratis\",\"isPartOf\":{\"@id\":\"https:\/\/it.cam4.com\/blog\/#website\"},\"datePublished\":\"2022-05-10T14:15:46+00:00\",\"dateModified\":\"2022-06-01T15:46:29+00:00\",\"breadcrumb\":{\"@id\":\"https:\/\/it.cam4.com\/blog\/vip-performer-contest-maggio-2022\/#breadcrumb\"},\"inLanguage\":\"en-US\",\"potentialAction\":[{\"@type\":\"ReadAction\",\"target\":[\"https:\/\/it.cam4.com\/blog\/vip-performer-contest-maggio-2022\/\"]}]},{\"@type\":\"BreadcrumbList\",\"@id\":\"https:\/\/it.cam4.com\/blog\/vip-performer-contest-maggio-2022\/#breadcrumb\",\"itemListElement\":[{\"@type\":\"ListItem\",\"position\":1,\"name\":\"VIP Performer Contest \u2605 Maggio 2022 \u265b\"}]},{\"@type\":\"WebSite\",\"@id\":\"https:\/\/it.cam4.com\/blog\/#website\",\"url\":\"https:\/\/it.cam4.com\/blog\/\",\"name\":\"Cam4 Blog Italiano | La migliore video-chat amatoriale web-cam gratis\",\"description\":\"News sulla migliore video-chat sexy amatoriale | Ragazze,ragazzi,trans in web-cam coppie scambiste dal vivo gratis senza censura divertendosi e guadagnando\",\"potentialAction\":[{\"@type\":\"SearchAction\",\"target\":{\"@type\":\"EntryPoint\",\"urlTemplate\":\"https:\/\/it.cam4.com\/blog\/?s={search_term_string}\"},\"query-input\":\"required name=search_term_string\"}],\"inLanguage\":\"en-US\"}]}<\/script>\n<!-- \/ Yoast SEO plugin. -->","yoast_head_json":{"title":"VIP Performer Contest \u2605 Maggio 2022 \u265b | Cam4 Blog Italiano | La migliore video-chat amatoriale web-cam gratis","robots":{"index":"index","follow":"follow","max-snippet":"max-snippet:-1","max-image-preview":"max-image-preview:large","max-video-preview":"max-video-preview:-1"},"canonical":"https:\/\/it.cam4.com\/blog\/vip-performer-contest-maggio-2022\/","og_locale":"en_US","og_type":"article","og_title":"VIP Performer Contest \u2605 Maggio 2022 \u265b | Cam4 Blog Italiano | La migliore video-chat amatoriale web-cam gratis","og_description":"\u2728 VIP WINNERS CAM4 Italia \u2728 Maggio 2022 BazzucaMoon \u265b 500$ \u265bDamarossaaaa \ud83d\udc8e 300$ \ud83d\udc8eZulema89 \ud83d\udc8e 200$ \ud83d\udc8eDolce_Tea74 \ud83d\udc8e 100$ \ud83d\udc8e _Jess","og_url":"https:\/\/it.cam4.com\/blog\/vip-performer-contest-maggio-2022\/","og_site_name":"Cam4 Blog Italiano | La migliore video-chat amatoriale web-cam gratis","article_modified_time":"2022-06-01T15:46:29+00:00","og_image":[{"url":"https:\/\/it.cam4.com\/blog\/wp-content\/blogs.dir\/3\/files\/2020\/04\/vip-contest-maggio-1024x264.jpg"}],"twitter_card":"summary_large_image","twitter_site":"@cam4_it","twitter_misc":{"Est. reading time":"1 minute"},"schema":{"@context":"https:\/\/schema.org","@graph":[{"@type":"WebPage","@id":"https:\/\/it.cam4.com\/blog\/vip-performer-contest-maggio-2022\/","url":"https:\/\/it.cam4.com\/blog\/vip-performer-contest-maggio-2022\/","name":"VIP Performer Contest \u2605 Maggio 2022 \u265b | Cam4 Blog Italiano | La migliore video-chat amatoriale web-cam gratis","isPartOf":{"@id":"https:\/\/it.cam4.com\/blog\/#website"},"datePublished":"2022-05-10T14:15:46+00:00","dateModified":"2022-06-01T15:46:29+00:00","breadcrumb":{"@id":"https:\/\/it.cam4.com\/blog\/vip-performer-contest-maggio-2022\/#breadcrumb"},"inLanguage":"en-US","potentialAction":[{"@type":"ReadAction","target":["https:\/\/it.cam4.com\/blog\/vip-performer-contest-maggio-2022\/"]}]},{"@type":"BreadcrumbList","@id":"https:\/\/it.cam4.com\/blog\/vip-performer-contest-maggio-2022\/#breadcrumb","itemListElement":[{"@type":"ListItem","position":1,"name":"VIP Performer Contest \u2605 Maggio 2022 \u265b"}]},{"@type":"WebSite","@id":"https:\/\/it.cam4.com\/blog\/#website","url":"https:\/\/it.cam4.com\/blog\/","name":"Cam4 Blog Italiano | La migliore video-chat amatoriale web-cam gratis","description":"News sulla migliore video-chat sexy amatoriale | Ragazze,ragazzi,trans in web-cam coppie scambiste dal vivo gratis senza censura divertendosi e guadagnando","potentialAction":[{"@type":"SearchAction","target":{"@type":"EntryPoint","urlTemplate":"https:\/\/it.cam4.com\/blog\/?s={search_term_string}"},"query-input":"required name=search_term_string"}],"inLanguage":"en-US"}]}},"_links":{"self":[{"href":"https:\/\/it.cam4.com\/blog\/wp-json\/wp\/v2\/pages\/41982"}],"collection":[{"href":"https:\/\/it.cam4.com\/blog\/wp-json\/wp\/v2\/pages"}],"about":[{"href":"https:\/\/it.cam4.com\/blog\/wp-json\/wp\/v2\/types\/page"}],"author":[{"embeddable":true,"href":"https:\/\/it.cam4.com\/blog\/wp-json\/wp\/v2\/users\/1"}],"replies":[{"embeddable":true,"href":"https:\/\/it.cam4.com\/blog\/wp-json\/wp\/v2\/comments?post=41982"}],"version-history":[{"count":11,"href":"https:\/\/it.cam4.com\/blog\/wp-json\/wp\/v2\/pages\/41982\/revisions"}],"predecessor-version":[{"id":42171,"href":"https:\/\/it.cam4.com\/blog\/wp-json\/wp\/v2\/pages\/41982\/revisions\/42171"}],"wp:attachment":[{"href":"https:\/\/it.cam4.com\/blog\/wp-json\/wp\/v2\/media?parent=41982"}],"curies":[{"name":"wp","href":"https:\/\/api.w.org\/{rel}","templated":true}]}}