{"id":40252,"date":"2021-08-16T13:15:45","date_gmt":"2021-08-16T11:15:45","guid":{"rendered":"https:\/\/it.cam4.com\/blog\/?page_id=40252"},"modified":"2021-09-01T16:40:03","modified_gmt":"2021-09-01T14:40:03","slug":"vip-performer-contest-agosto-2021","status":"publish","type":"page","link":"https:\/\/it.cam4.com\/blog\/vip-performer-contest-agosto-2021\/","title":{"rendered":"VIP Performer Contest \u2605 Agosto 2021 \u265b"},"content":{"rendered":"\n<figure class=\"wp-block-image size-large\"><img width=\"1024\" height=\"264\" src=\"https:\/\/it.cam4.com\/blog\/wp-content\/blogs.dir\/3\/files\/2020\/04\/vip-contest-maggio-1024x264.jpg\" alt=\"\" class=\"wp-image-35884\" srcset=\"https:\/\/it.cam4.com\/blog\/wp-content\/blogs.dir\/3\/files\/2020\/04\/vip-contest-maggio-1024x264.jpg 1024w, https:\/\/it.cam4.com\/blog\/wp-content\/blogs.dir\/3\/files\/2020\/04\/vip-contest-maggio-300x77.jpg 300w, https:\/\/it.cam4.com\/blog\/wp-content\/blogs.dir\/3\/files\/2020\/04\/vip-contest-maggio-768x198.jpg 768w, https:\/\/it.cam4.com\/blog\/wp-content\/blogs.dir\/3\/files\/2020\/04\/vip-contest-maggio.jpg 1096w\" sizes=\"(max-width: 1024px) 100vw, 1024px\" \/><\/figure>\n\n\n\n<h2 class=\"has-text-align-center\">\u2728 <span class=\"has-inline-color has-black-color\">VIP WINNERS<\/span> <em><span class=\"has-inline-color has-black-color\">CAM<\/span><span class=\"has-inline-color has-luminous-vivid-orange-color\">4<\/span><span class=\"has-inline-color has-black-color\"> Italia<\/span> <\/em>\u2728<\/h2>\n\n\n\n<h2 class=\"has-text-align-center\"><span class=\"has-inline-color has-vivid-purple-color\">BazzucaMoon<\/span><span style=\"color:#ddb141\" class=\"has-inline-color\"> <\/span><span class=\"has-inline-color has-vivid-purple-color\">\u265b<\/span><span class=\"has-inline-color has-black-color\"> <\/span><span style=\"color:#ad861a\" class=\"has-inline-color\">500$<\/span><br><span class=\"has-inline-color has-black-color\">Michelina87    <\/span><span class=\"has-inline-color has-luminous-vivid-amber-color\"> <\/span><span style=\"color:#b68a11\" class=\"has-inline-color\">300$<\/span><span class=\"has-inline-color has-black-color\"><br>GinevraCamgirl <\/span><span style=\"color:#a27d1a\" class=\"has-inline-color\">200$<\/span><span class=\"has-inline-color has-black-color\"><br><\/span>Melissa_K<span class=\"has-inline-color has-black-color\">     <\/span><span style=\"color:#a38022\" class=\"has-inline-color\">100$<\/span><br><span class=\"has-inline-color has-black-color\"><br>Giuli8879       <\/span><span style=\"color:#aa892d\" class=\"has-inline-color\">50$<\/span><span class=\"has-inline-color has-black-color\"><br>AlexaSexyGirl94 <\/span><span style=\"color:#be9523\" class=\"has-inline-color\">50$<\/span><span class=\"has-inline-color has-black-color\"><br>Selene1975      <\/span><span style=\"color:#b08a21\" class=\"has-inline-color\">50$<\/span><span class=\"has-inline-color has-black-color\"><br>Fragile7883    <\/span><span style=\"color:#a78423\" class=\"has-inline-color\">50$<\/span><\/h2>\n\n\n\n<p><\/p>\n\n\n\n<p class=\"has-text-align-center\"><br>I risultati verificati, eccedenze e passaggi di token detratti dal conteggio finale. Per info e domande scrivere a: <a rel=\"noreferrer noopener\" href=\"mailto:cam4_it@cam4.com\" target=\"_blank\">cam4_it@cam4.com<\/a><br><br>____________________________________<\/p>\n\n\n\n<p class=\"has-text-align-center\">_____________________________________________________________________<\/p>\n\n\n\n<p><\/p>\n\n\n\n<h4 class=\"has-text-align-center\"><strong>Dal 16 al 31 Agosto 2021 trasmetti su CAM4 e fai il pieno di token per vincere il contest pi\u00f9 esclusivo CAM4 Italia e la corona VIP! <\/strong><\/h4>\n\n\n\n<h3 class=\"has-text-align-center\"><span class=\"has-inline-color has-black-color\"><br><\/span><\/h3>\n\n\n\n<h4 class=\"has-text-align-center\"><\/h4>\n\n\n\n<figure class=\"wp-block-image\"><img width=\"1011\" height=\"121\" src=\"https:\/\/it.cam4.com\/blog\/wp-content\/blogs.dir\/3\/files\/2019\/11\/image_2019_08_07T15_32_57_297Z.png\" alt=\"\" class=\"wp-image-34163\" srcset=\"https:\/\/it.cam4.com\/blog\/wp-content\/blogs.dir\/3\/files\/2019\/11\/image_2019_08_07T15_32_57_297Z.png 1011w, https:\/\/it.cam4.com\/blog\/wp-content\/blogs.dir\/3\/files\/2019\/11\/image_2019_08_07T15_32_57_297Z-300x36.png 300w, https:\/\/it.cam4.com\/blog\/wp-content\/blogs.dir\/3\/files\/2019\/11\/image_2019_08_07T15_32_57_297Z-768x92.png 768w\" sizes=\"(max-width: 1011px) 100vw, 1011px\" \/><\/figure>\n\n\n\n<p class=\"has-text-align-center\"><strong>8 Super Premi in palio per i performer italiani che guadagneranno di pi\u00f9 su CAM4<\/strong> *<strong><em>dal 16  al 31 Agosto 2021*<\/em><\/strong><br><\/p>\n\n\n\n<h2 class=\"has-text-align-center\">\u2728<span class=\"has-inline-color has-black-color\">8<strong> PREMI VIP CAM4 <\/strong><\/span> \u2728<\/h2>\n\n\n\n<h2 class=\"has-text-align-center\"><span class=\"has-inline-color has-black-color\">1\u00b0 Premio <\/span><sup><span class=\"has-inline-color has-black-color\">\u265b<\/span><\/sup><span class=\"has-inline-color has-black-color\"> <\/span><strong><span class=\"has-inline-color has-vivid-purple-color\">500<sub>$<\/sub><\/span><\/strong><span class=\"has-inline-color has-black-color\"><strong> <\/strong>\ud83d\udc8e<br>2\u00b0 Premio <\/span><strong><span class=\"has-inline-color has-luminous-vivid-amber-color\">300<sub>$<\/sub><\/span><\/strong><span class=\"has-inline-color has-black-color\"><strong> <\/strong>\ud83d\udc8e<br>3\u00b0 Premio<strong> <\/strong><\/span><strong><span class=\"has-inline-color has-luminous-vivid-amber-color\">200<sub>$<\/sub> <\/span><\/strong><span class=\"has-inline-color has-black-color\">\ud83d\udc8e<br>4\u00b0 Premio <\/span><strong><span class=\"has-inline-color has-luminous-vivid-amber-color\">100<sub>$<\/sub><\/span><\/strong><span class=\"has-inline-color has-black-color\"><strong> <\/strong><\/span>\ud83d\udc8e<\/h2>\n\n\n\n<h2 class=\"has-text-align-center\"><span class=\"has-inline-color has-black-color\">5\u00b0 Premio <\/span><strong><span class=\"has-inline-color has-luminous-vivid-amber-color\">50<sub>$<\/sub><\/span><\/strong><span class=\"has-inline-color has-black-color\"><strong> <\/strong>\ud83d\udc8e<br>6\u00b0 Premio <\/span><strong><span class=\"has-inline-color has-luminous-vivid-amber-color\">50<sub>$<\/sub><\/span><\/strong><span class=\"has-inline-color has-black-color\"><strong> <\/strong>\ud83d\udc8e<br>7\u00b0 Premio <\/span><strong><span class=\"has-inline-color has-luminous-vivid-amber-color\">50<sub>$<\/sub> <\/span><\/strong><span class=\"has-inline-color has-black-color\">\ud83d\udc8e<br>8\u00b0 Premio <\/span><strong><span class=\"has-inline-color has-luminous-vivid-amber-color\">50<sub>$<\/sub><\/span><\/strong><span class=\"has-inline-color has-black-color\"><strong> <\/strong>\ud83d\udc8e<\/span><\/h2>\n\n\n\n<p><\/p>\n\n\n\n<p class=\"has-text-align-center\"><span class=\"has-inline-color has-vivid-purple-color\"><em><strong>Come vincere uno degli 8 VIP premi?<\/strong><\/em> <\/span><strong> <\/strong><br><strong>Trasmetti su CAM4 e guadagna pi\u00f9 che puoi <em>dal 16 al 31 Agosto 2021<\/em>. <\/strong> <strong>Al termine del periodo indicato, gli 8 performer CAM4 Italia che avranno guadagnato di pi\u00f9 vinceranno uno degli incredibili premi!<\/strong><br><\/p>\n\n\n\n<p class=\"has-text-align-center\"><strong><span class=\"has-inline-color has-vivid-purple-color\">Tutti i performer italiani sono automaticamente in gioco e potranno vincere un premio!<\/span><\/strong><\/p>\n\n\n\n<p class=\"has-text-align-center\"><strong><em>I performer nella TOP 20 riceverranno aggiornamenti settimanali sulla classifica provvisoria tramite un messaggio di notifica su CAM4<\/em><\/strong><\/p>\n\n\n\n<p class=\"has-text-align-center\">_____________________________________________________________________________<\/p>\n\n\n\n<p class=\"has-text-align-center\"><strong><em>Se NON intendi partecipare al contest e non vuoi che il tuo nome sia visualizzato nella Chart provvisoria, invia un\u2019e-mail a <a rel=\"noreferrer noopener\" href=\"mailto:cam4_it@cam4.com\" target=\"_blank\">cam4_it@cam4.com<\/a> con riferimento \u201cVIP Contest\u201d.<\/em><\/strong><\/p>\n\n\n\n<p class=\"has-text-align-center\"><strong>\u26a0\ufe0fATTENZIONE!\u26a0\ufe0f<em>\nQuesto \u00e8 il concorso CAM4 Italia con premi pi\u00f9 alti. Non saranno ammessi e conteggiati passaggi di token fra account, n\u00e8 accordi con utenti e altri performer al fine di alterare i risultati del concorso.<\/em><\/strong><\/p>\n\n\n\n<hr class=\"wp-block-separator\"\/>\n\n\n\n<p><strong>Regolamento:<\/strong><\/p>\n\n\n\n<p>\u2013 Partecipano a questo contest <strong>solo i performer con account verificato che trasmettono dall\u2019Italia e Svizzera italiana<\/strong> <em>(sesso uomo, donna e trans)<\/em><em>.<\/em><\/p>\n\n\n\n<p>\u2013 <strong>Vinceranno i premi gli 8 performer CAM4 Italia con i guadagni maggiori<\/strong> registrati su CAM4 nel periodo indicato .<em> Non rientreranno nel conteggio i guadagni derivanti da bonus, premi e aggiustamenti di altra natura.<\/em><\/p>\n\n\n\n<p>\u2013 Il conteggio dei guadagni avr\u00e0 inizio <em><strong>dal 16 <\/strong><\/em>Agosto <em><strong>e terminer\u00e0 il 31 Agosto 2021<\/strong><\/em>* <em>(server time: dalle ore 5:00 am del 16 alle 5:00 am del 1 Settembre 2021)*.<\/em><\/p>\n\n\n\n<p>&#8211;<strong>&#8211; Saranno conteggiati massimo 6.000 Token (600$) derivanti dallo stesso tipper.<\/strong><\/p>\n\n\n\n<p>\u2013 Non sono ammessi passaggi di token o accordi fra utenti e performer. I passaggi di token da altri account<em> (es. moderatori, account collegati) <\/em>dovranno essere dichiarati tramite e-mail all\u2019indirizzo: <a href=\"mailto:cam4_it@cam4.com\" target=\"_blank\" rel=\"noreferrer noopener\">cam4_it@cam4.com<\/a><\/p>\n\n\n\n<p>\u2013 Ogni tentativo di frode comporter\u00e0 l\u2019esclusione dai concorsi a premi di CAM4.<\/p>\n\n\n\n<hr class=\"wp-block-separator\"\/>\n\n\n\n<p><\/p>\n","protected":false},"excerpt":{"rendered":"<p>\u2728 VIP WINNERS <em>CAM4 Italia <\/em>\u2728 BazzucaMoon \u265b 500$Michelina87 300$GinevraCamgirl 200$Melissa_K 100$Giuli8879 50$AlexaSexyGirl94 50$Selene1975 50$Fragile7883 50$ <\/p>\n<p class=\"has-text-align-center\">I risultati verificati, eccedenze e<\/p>\n","protected":false},"author":1,"featured_media":0,"parent":0,"menu_order":0,"comment_status":"closed","ping_status":"closed","template":"","meta":[],"yoast_head":"<!-- This site is optimized with the Yoast SEO plugin v19.7.1 - https:\/\/yoast.com\/wordpress\/plugins\/seo\/ -->\n<title>VIP Performer Contest \u2605 Agosto 2021 \u265b | Cam4 Blog Italiano | La migliore video-chat amatoriale web-cam gratis<\/title>\n<meta name=\"robots\" content=\"index, follow, max-snippet:-1, max-image-preview:large, max-video-preview:-1\" \/>\n<link rel=\"canonical\" href=\"https:\/\/it.cam4.com\/blog\/vip-performer-contest-agosto-2021\/\" \/>\n<meta property=\"og:locale\" content=\"en_US\" \/>\n<meta property=\"og:type\" content=\"article\" \/>\n<meta property=\"og:title\" content=\"VIP Performer Contest \u2605 Agosto 2021 \u265b | Cam4 Blog Italiano | La migliore video-chat amatoriale web-cam gratis\" \/>\n<meta property=\"og:description\" content=\"\u2728 VIP WINNERS CAM4 Italia \u2728 BazzucaMoon \u265b 500$Michelina87 300$GinevraCamgirl 200$Melissa_K 100$Giuli8879 50$AlexaSexyGirl94 50$Selene1975 50$Fragile7883 50$ I risultati verificati, eccedenze e\" \/>\n<meta property=\"og:url\" content=\"https:\/\/it.cam4.com\/blog\/vip-performer-contest-agosto-2021\/\" \/>\n<meta property=\"og:site_name\" content=\"Cam4 Blog Italiano | La migliore video-chat amatoriale web-cam gratis\" \/>\n<meta property=\"article:modified_time\" content=\"2021-09-01T14:40:03+00:00\" \/>\n<meta property=\"og:image\" content=\"https:\/\/it.cam4.com\/blog\/wp-content\/blogs.dir\/3\/files\/2020\/04\/vip-contest-maggio-1024x264.jpg\" \/>\n<meta name=\"twitter:card\" content=\"summary_large_image\" \/>\n<meta name=\"twitter:site\" content=\"@cam4_it\" \/>\n<meta name=\"twitter:label1\" content=\"Est. reading time\" \/>\n\t<meta name=\"twitter:data1\" content=\"2 minutes\" \/>\n<script type=\"application\/ld+json\" class=\"yoast-schema-graph\">{\"@context\":\"https:\/\/schema.org\",\"@graph\":[{\"@type\":\"WebPage\",\"@id\":\"https:\/\/it.cam4.com\/blog\/vip-performer-contest-agosto-2021\/\",\"url\":\"https:\/\/it.cam4.com\/blog\/vip-performer-contest-agosto-2021\/\",\"name\":\"VIP Performer Contest \u2605 Agosto 2021 \u265b | Cam4 Blog Italiano | La migliore video-chat amatoriale web-cam gratis\",\"isPartOf\":{\"@id\":\"https:\/\/it.cam4.com\/blog\/#website\"},\"datePublished\":\"2021-08-16T11:15:45+00:00\",\"dateModified\":\"2021-09-01T14:40:03+00:00\",\"breadcrumb\":{\"@id\":\"https:\/\/it.cam4.com\/blog\/vip-performer-contest-agosto-2021\/#breadcrumb\"},\"inLanguage\":\"en-US\",\"potentialAction\":[{\"@type\":\"ReadAction\",\"target\":[\"https:\/\/it.cam4.com\/blog\/vip-performer-contest-agosto-2021\/\"]}]},{\"@type\":\"BreadcrumbList\",\"@id\":\"https:\/\/it.cam4.com\/blog\/vip-performer-contest-agosto-2021\/#breadcrumb\",\"itemListElement\":[{\"@type\":\"ListItem\",\"position\":1,\"name\":\"VIP Performer Contest \u2605 Agosto 2021 \u265b\"}]},{\"@type\":\"WebSite\",\"@id\":\"https:\/\/it.cam4.com\/blog\/#website\",\"url\":\"https:\/\/it.cam4.com\/blog\/\",\"name\":\"Cam4 Blog Italiano | La migliore video-chat amatoriale web-cam gratis\",\"description\":\"News sulla migliore video-chat sexy amatoriale | Ragazze,ragazzi,trans in web-cam coppie scambiste dal vivo gratis senza censura divertendosi e guadagnando\",\"potentialAction\":[{\"@type\":\"SearchAction\",\"target\":{\"@type\":\"EntryPoint\",\"urlTemplate\":\"https:\/\/it.cam4.com\/blog\/?s={search_term_string}\"},\"query-input\":\"required name=search_term_string\"}],\"inLanguage\":\"en-US\"}]}<\/script>\n<!-- \/ Yoast SEO plugin. -->","yoast_head_json":{"title":"VIP Performer Contest \u2605 Agosto 2021 \u265b | Cam4 Blog Italiano | La migliore video-chat amatoriale web-cam gratis","robots":{"index":"index","follow":"follow","max-snippet":"max-snippet:-1","max-image-preview":"max-image-preview:large","max-video-preview":"max-video-preview:-1"},"canonical":"https:\/\/it.cam4.com\/blog\/vip-performer-contest-agosto-2021\/","og_locale":"en_US","og_type":"article","og_title":"VIP Performer Contest \u2605 Agosto 2021 \u265b | Cam4 Blog Italiano | La migliore video-chat amatoriale web-cam gratis","og_description":"\u2728 VIP WINNERS CAM4 Italia \u2728 BazzucaMoon \u265b 500$Michelina87 300$GinevraCamgirl 200$Melissa_K 100$Giuli8879 50$AlexaSexyGirl94 50$Selene1975 50$Fragile7883 50$ I risultati verificati, eccedenze e","og_url":"https:\/\/it.cam4.com\/blog\/vip-performer-contest-agosto-2021\/","og_site_name":"Cam4 Blog Italiano | La migliore video-chat amatoriale web-cam gratis","article_modified_time":"2021-09-01T14:40:03+00:00","og_image":[{"url":"https:\/\/it.cam4.com\/blog\/wp-content\/blogs.dir\/3\/files\/2020\/04\/vip-contest-maggio-1024x264.jpg"}],"twitter_card":"summary_large_image","twitter_site":"@cam4_it","twitter_misc":{"Est. reading time":"2 minutes"},"schema":{"@context":"https:\/\/schema.org","@graph":[{"@type":"WebPage","@id":"https:\/\/it.cam4.com\/blog\/vip-performer-contest-agosto-2021\/","url":"https:\/\/it.cam4.com\/blog\/vip-performer-contest-agosto-2021\/","name":"VIP Performer Contest \u2605 Agosto 2021 \u265b | Cam4 Blog Italiano | La migliore video-chat amatoriale web-cam gratis","isPartOf":{"@id":"https:\/\/it.cam4.com\/blog\/#website"},"datePublished":"2021-08-16T11:15:45+00:00","dateModified":"2021-09-01T14:40:03+00:00","breadcrumb":{"@id":"https:\/\/it.cam4.com\/blog\/vip-performer-contest-agosto-2021\/#breadcrumb"},"inLanguage":"en-US","potentialAction":[{"@type":"ReadAction","target":["https:\/\/it.cam4.com\/blog\/vip-performer-contest-agosto-2021\/"]}]},{"@type":"BreadcrumbList","@id":"https:\/\/it.cam4.com\/blog\/vip-performer-contest-agosto-2021\/#breadcrumb","itemListElement":[{"@type":"ListItem","position":1,"name":"VIP Performer Contest \u2605 Agosto 2021 \u265b"}]},{"@type":"WebSite","@id":"https:\/\/it.cam4.com\/blog\/#website","url":"https:\/\/it.cam4.com\/blog\/","name":"Cam4 Blog Italiano | La migliore video-chat amatoriale web-cam gratis","description":"News sulla migliore video-chat sexy amatoriale | Ragazze,ragazzi,trans in web-cam coppie scambiste dal vivo gratis senza censura divertendosi e guadagnando","potentialAction":[{"@type":"SearchAction","target":{"@type":"EntryPoint","urlTemplate":"https:\/\/it.cam4.com\/blog\/?s={search_term_string}"},"query-input":"required name=search_term_string"}],"inLanguage":"en-US"}]}},"_links":{"self":[{"href":"https:\/\/it.cam4.com\/blog\/wp-json\/wp\/v2\/pages\/40252"}],"collection":[{"href":"https:\/\/it.cam4.com\/blog\/wp-json\/wp\/v2\/pages"}],"about":[{"href":"https:\/\/it.cam4.com\/blog\/wp-json\/wp\/v2\/types\/page"}],"author":[{"embeddable":true,"href":"https:\/\/it.cam4.com\/blog\/wp-json\/wp\/v2\/users\/1"}],"replies":[{"embeddable":true,"href":"https:\/\/it.cam4.com\/blog\/wp-json\/wp\/v2\/comments?post=40252"}],"version-history":[{"count":16,"href":"https:\/\/it.cam4.com\/blog\/wp-json\/wp\/v2\/pages\/40252\/revisions"}],"predecessor-version":[{"id":46993,"href":"https:\/\/it.cam4.com\/blog\/wp-json\/wp\/v2\/pages\/40252\/revisions\/46993"}],"wp:attachment":[{"href":"https:\/\/it.cam4.com\/blog\/wp-json\/wp\/v2\/media?parent=40252"}],"curies":[{"name":"wp","href":"https:\/\/api.w.org\/{rel}","templated":true}]}}