{"id":37610,"date":"2020-11-11T17:56:40","date_gmt":"2020-11-11T15:56:40","guid":{"rendered":"https:\/\/it.cam4.com\/blog\/?page_id=37610"},"modified":"2020-11-11T19:57:04","modified_gmt":"2020-11-11T17:57:04","slug":"crosscard-smette-di-funzionare-su-cam4","status":"publish","type":"page","link":"https:\/\/it.cam4.com\/blog\/crosscard-smette-di-funzionare-su-cam4\/","title":{"rendered":"Crosscard smetter\u00e0 di funzionare il 31 dicembre &#8211; CAM4 ti offre diverse soluzioni"},"content":{"rendered":"\n<figure class=\"wp-block-image size-large\"><img width=\"677\" height=\"213\" src=\"https:\/\/it.cam4.com\/blog\/wp-content\/blogs.dir\/3\/files\/2020\/11\/it-bann.jpg\" alt=\"\" class=\"wp-image-37617\" srcset=\"https:\/\/it.cam4.com\/blog\/wp-content\/blogs.dir\/3\/files\/2020\/11\/it-bann.jpg 677w, https:\/\/it.cam4.com\/blog\/wp-content\/blogs.dir\/3\/files\/2020\/11\/it-bann-300x94.jpg 300w\" sizes=\"(max-width: 677px) 100vw, 677px\" \/><\/figure>\n\n\n\n<h4 class=\"has-text-align-center\"><strong> Crosscard smettar\u00e0 di funzionare il 31 dicembre 2020<\/strong>.<\/h4>\n\n\n\n<p class=\"has-text-align-center\"><br><\/p>\n\n\n\n<p class=\"has-text-align-center\"><strong>Crosscard ci ha informato che smetter\u00e0 di lavorare con pagine che offrono contenuti per adulti a partire dal 31 dicembre 2020.<\/strong><br><br>Se disponi di un account Crosscard, <strong>potrai richiedere pagamenti da CAM4 al tuo account Crosscard <strong>fino al 30 novembre 2020<\/strong>, <\/strong>mentre potrai ancora usufruire di tutti i <strong>servizi offerti da Crosscard fino al 31 dicembre 2020<\/strong><em> (ovvero trasferire denaro dall&#8221;account Crosscard a un tuo altro account o usare la tua carta nei negozi o presso bancomat \/ distributori automatici). <\/em><br><br><strong>TUTTAVIA ti invitiamo a prelevare o trasferire i tuoi fondi disponibili sul tuo conto Crosscard entro il 31 dicembre 2020<\/strong>, ultima data in cui la tua carta e il tuo account Crosscard saranno attivi.<br><\/p>\n\n\n\n<h4 class=\"has-text-align-center\"><strong>CAM4 OFFRE 4 ALTRI METODI DI PAGAMENTO RAPIDI<\/strong><\/h4>\n\n\n\n<div class=\"wp-block-image\"><figure class=\"alignleft size-large is-resized\"><img src=\"https:\/\/it.cam4.com\/blog\/wp-content\/blogs.dir\/3\/files\/2020\/11\/bonifico-stipendio.jpg\" alt=\"\" class=\"wp-image-37614\" width=\"118\" height=\"74\" srcset=\"https:\/\/it.cam4.com\/blog\/wp-content\/blogs.dir\/3\/files\/2020\/11\/bonifico-stipendio.jpg 481w, https:\/\/it.cam4.com\/blog\/wp-content\/blogs.dir\/3\/files\/2020\/11\/bonifico-stipendio-300x189.jpg 300w\" sizes=\"(max-width: 118px) 100vw, 118px\" \/><\/figure><\/div>\n\n\n\n<p><\/p>\n\n\n\n<p class=\"has-text-align-center\"><strong>Bonifico bancario gratuito a partire da 100<strong>$<\/strong> <\/strong><br><br>Dal 9 novembre, a seguito di numerose richieste, l&#8217;importo minimo per i pagamenti tramite il bonifico bancario \u00e8 ora di 100$ (circa 80 Euro) invece dei precenti 250$. Questa \u00e8 la soluzione gratuita pi\u00f9 semplice, ed \u00e8 possibile effettuare due richieste di trasferimento a settimana (i trasferimenti vengono effettuati ogni marted\u00ec e venerd\u00ec, quindi \u00e8 necessario effettuare le richieste il luned\u00ec e il gioved\u00ec sera entro le 23:59).<\/p>\n\n\n\n<p><\/p>\n\n\n\n<p><\/p>\n\n\n\n<p><\/p>\n\n\n\n<div class=\"wp-block-image\"><figure class=\"alignleft is-resized\"><img src=\"https:\/\/www.cam4.fr\/blog\/wp-content\/blogs.dir\/5\/files\/2020\/11\/bg_logo.png\" alt=\"\" class=\"wp-image-32223\" width=\"145\" height=\"45\"\/><\/figure><\/div>\n\n\n\n<p class=\"has-text-align-center\"><strong>ePayService<\/strong><br><br>ePayService \u00e8 la carta di debito Mastercard facile, veloce da attivaree gratuita. Le richieste di pagamento minimo sono di 50$. Inoltre la carta \u00e8 protetta da un codice di sicurezza che ti verr\u00e0 richiesto ad ogni connessione per garantire la tua massima sicurezza.<\/p>\n\n\n\n<p><\/p>\n\n\n\n<p><\/p>\n\n\n\n<p><br><\/p>\n\n\n\n<div class=\"wp-block-image\"><figure class=\"alignleft is-resized\"><img src=\"https:\/\/www.cam4.fr\/blog\/wp-content\/blogs.dir\/5\/files\/2020\/11\/image_2020_11_11T11_39_57_277Z.png\" alt=\"\" class=\"wp-image-32224\" width=\"170\" height=\"76\"\/><\/figure><\/div>\n\n\n\n<p class=\"has-text-align-center\"><strong>Paxum <\/strong><br><br>Puoi richiedere un pagamento sul tuo account Paxum, un trasferimento sul tuo conto ordinare la tua carta prepagata Paxum. Per utilizzare questo metodo di pagamento, crea un account online in pochi minuti e potrai collegarlo direttamente al tuo Pannello Performer.<\/p>\n\n\n\n<p><\/p>\n\n\n\n<p><\/p>\n\n\n\n<p><\/p>\n\n\n\n<div class=\"wp-block-image\"><figure class=\"alignleft is-resized\"><img src=\"https:\/\/www.cam4.fr\/blog\/wp-content\/blogs.dir\/5\/files\/2020\/11\/Capture.jpg\" alt=\"\" class=\"wp-image-32225\" width=\"184\" height=\"55\"\/><\/figure><\/div>\n\n\n\n<p class=\"has-text-align-left\"><strong>Bitsafe: NUOVO metodo di pagamento in arrivo su CAM4<\/strong>!<br><br> CAM4 aggiunger\u00e0 un altro metodo di pagamento (entro il 6 dicembre 2020) con gli stessi servizi di Crosscard: Bitsafe!<br><strong><em> &#8211; Nessuna commissione o importo minimo per ricevere una carta di debito BitSafe<br><\/em><\/strong>&#8211; <strong><em>Nessun costo di mantenimento per i primi 6 mesi, e fino a 2 anni nel caso hai caricato dei fondi sulla carta BitSafe<br>&#8211; Trasferimenti fino a 5000 Euro al mese<\/em><\/strong><\/p>\n\n\n\n<p><br><\/p>\n\n\n\n<h3 class=\"has-text-align-center\"><a href=\"https:\/\/www.cam4.fr\/training\/utilisez-le-tableau-de-bord-webcameurse\/options-de-paiement\" target=\"_blank\" rel=\"noreferrer noopener\"><strong>Per maggiori informazioni sui metodi di pagamento CAM4, clicca qui<\/strong><\/a><\/h3>\n\n\n\n<p><\/p>\n\n\n\n<p><\/p>\n\n\n\n<h2>FAQ<\/h2>\n\n\n\n<p><strong>In quale data la mia Crosscard smetter\u00e0 di funzionare?<\/strong><\/p>\n\n\n\n<p>Puoi trasferire fondi dal tuo account CAM4 al tuo account Crosscard fino al 30 novembre 2020.<\/p>\n\n\n\n<p>Potrai ancora prelevare fondi dalla tua Crosscard fino al 31 dicembre 2020. La tua Crosscard rimarr\u00e0 valida e funzionante fino a quella data, semplicemente non potrai pi\u00f9 trasferire fondi da CAM4 sulla Crosscard.<\/p>\n\n\n\n<p>Crosscard richiede a tutte le emittenti CAM4 che possiedono una Crosscard di assicurarsi che il saldo della loro carta sia 0 prima del 31 dicembre 2020.<br><\/p>\n\n\n\n<p><strong>Cosa succede ai fondi sulla mia Crosscard dopo il 30 novembre?<\/strong><\/p>\n\n\n\n<p>Rimarranno sulla tua Crosscard e potrai ancora ritirarli fino al 31 dicembre 2020.<br><\/p>\n\n\n\n<p><strong>Posso ritrasferire dei soldi dalla mia Crosscard al mio account CAM4?<\/strong><\/p>\n\n\n\n<p>No, questa operazione \u00e8 possibile.<\/p>\n\n\n\n<p><\/p>\n","protected":false},"excerpt":{"rendered":"<p><strong> Crosscard smettar\u00e0 di funzionare il 31 dicembre 2020<\/strong>. <\/p>\n<p class=\"has-text-align-center\">\n<p class=\"has-text-align-center\"><strong>Crosscard ci ha informato che smetter\u00e0 di lavorare con pagine che<\/p>\n","protected":false},"author":1,"featured_media":0,"parent":0,"menu_order":0,"comment_status":"closed","ping_status":"closed","template":"","meta":[],"yoast_head":"<!-- This site is optimized with the Yoast SEO plugin v19.7.1 - https:\/\/yoast.com\/wordpress\/plugins\/seo\/ -->\n<title>Crosscard smetter\u00e0 di funzionare il 31 dicembre - CAM4 ti offre diverse soluzioni | Cam4 Blog Italiano | La migliore video-chat amatoriale web-cam gratis<\/title>\n<meta name=\"robots\" content=\"index, follow, max-snippet:-1, max-image-preview:large, max-video-preview:-1\" \/>\n<link rel=\"canonical\" href=\"https:\/\/it.cam4.com\/blog\/crosscard-smette-di-funzionare-su-cam4\/\" \/>\n<meta property=\"og:locale\" content=\"en_US\" \/>\n<meta property=\"og:type\" content=\"article\" \/>\n<meta property=\"og:title\" content=\"Crosscard smetter\u00e0 di funzionare il 31 dicembre - CAM4 ti offre diverse soluzioni | Cam4 Blog Italiano | La migliore video-chat amatoriale web-cam gratis\" \/>\n<meta property=\"og:description\" content=\"Crosscard smettar\u00e0 di funzionare il 31 dicembre 2020. Crosscard ci ha informato che smetter\u00e0 di lavorare con pagine che\" \/>\n<meta property=\"og:url\" content=\"https:\/\/it.cam4.com\/blog\/crosscard-smette-di-funzionare-su-cam4\/\" \/>\n<meta property=\"og:site_name\" content=\"Cam4 Blog Italiano | La migliore video-chat amatoriale web-cam gratis\" \/>\n<meta property=\"article:modified_time\" content=\"2020-11-11T17:57:04+00:00\" \/>\n<meta property=\"og:image\" content=\"https:\/\/it.cam4.com\/blog\/wp-content\/blogs.dir\/3\/files\/2020\/11\/it-bann.jpg\" \/>\n<meta name=\"twitter:card\" content=\"summary_large_image\" \/>\n<meta name=\"twitter:site\" content=\"@cam4_it\" \/>\n<meta name=\"twitter:label1\" content=\"Est. reading time\" \/>\n\t<meta name=\"twitter:data1\" content=\"2 minutes\" \/>\n<script type=\"application\/ld+json\" class=\"yoast-schema-graph\">{\"@context\":\"https:\/\/schema.org\",\"@graph\":[{\"@type\":\"WebPage\",\"@id\":\"https:\/\/it.cam4.com\/blog\/crosscard-smette-di-funzionare-su-cam4\/\",\"url\":\"https:\/\/it.cam4.com\/blog\/crosscard-smette-di-funzionare-su-cam4\/\",\"name\":\"Crosscard smetter\u00e0 di funzionare il 31 dicembre - CAM4 ti offre diverse soluzioni | Cam4 Blog Italiano | La migliore video-chat amatoriale web-cam gratis\",\"isPartOf\":{\"@id\":\"https:\/\/it.cam4.com\/blog\/#website\"},\"datePublished\":\"2020-11-11T15:56:40+00:00\",\"dateModified\":\"2020-11-11T17:57:04+00:00\",\"breadcrumb\":{\"@id\":\"https:\/\/it.cam4.com\/blog\/crosscard-smette-di-funzionare-su-cam4\/#breadcrumb\"},\"inLanguage\":\"en-US\",\"potentialAction\":[{\"@type\":\"ReadAction\",\"target\":[\"https:\/\/it.cam4.com\/blog\/crosscard-smette-di-funzionare-su-cam4\/\"]}]},{\"@type\":\"BreadcrumbList\",\"@id\":\"https:\/\/it.cam4.com\/blog\/crosscard-smette-di-funzionare-su-cam4\/#breadcrumb\",\"itemListElement\":[{\"@type\":\"ListItem\",\"position\":1,\"name\":\"Crosscard smetter\u00e0 di funzionare il 31 dicembre &#8211; CAM4 ti offre diverse soluzioni\"}]},{\"@type\":\"WebSite\",\"@id\":\"https:\/\/it.cam4.com\/blog\/#website\",\"url\":\"https:\/\/it.cam4.com\/blog\/\",\"name\":\"Cam4 Blog Italiano | La migliore video-chat amatoriale web-cam gratis\",\"description\":\"News sulla migliore video-chat sexy amatoriale | Ragazze,ragazzi,trans in web-cam coppie scambiste dal vivo gratis senza censura divertendosi e guadagnando\",\"potentialAction\":[{\"@type\":\"SearchAction\",\"target\":{\"@type\":\"EntryPoint\",\"urlTemplate\":\"https:\/\/it.cam4.com\/blog\/?s={search_term_string}\"},\"query-input\":\"required name=search_term_string\"}],\"inLanguage\":\"en-US\"}]}<\/script>\n<!-- \/ Yoast SEO plugin. -->","yoast_head_json":{"title":"Crosscard smetter\u00e0 di funzionare il 31 dicembre - CAM4 ti offre diverse soluzioni | Cam4 Blog Italiano | La migliore video-chat amatoriale web-cam gratis","robots":{"index":"index","follow":"follow","max-snippet":"max-snippet:-1","max-image-preview":"max-image-preview:large","max-video-preview":"max-video-preview:-1"},"canonical":"https:\/\/it.cam4.com\/blog\/crosscard-smette-di-funzionare-su-cam4\/","og_locale":"en_US","og_type":"article","og_title":"Crosscard smetter\u00e0 di funzionare il 31 dicembre - CAM4 ti offre diverse soluzioni | Cam4 Blog Italiano | La migliore video-chat amatoriale web-cam gratis","og_description":"Crosscard smettar\u00e0 di funzionare il 31 dicembre 2020. Crosscard ci ha informato che smetter\u00e0 di lavorare con pagine che","og_url":"https:\/\/it.cam4.com\/blog\/crosscard-smette-di-funzionare-su-cam4\/","og_site_name":"Cam4 Blog Italiano | La migliore video-chat amatoriale web-cam gratis","article_modified_time":"2020-11-11T17:57:04+00:00","og_image":[{"url":"https:\/\/it.cam4.com\/blog\/wp-content\/blogs.dir\/3\/files\/2020\/11\/it-bann.jpg"}],"twitter_card":"summary_large_image","twitter_site":"@cam4_it","twitter_misc":{"Est. reading time":"2 minutes"},"schema":{"@context":"https:\/\/schema.org","@graph":[{"@type":"WebPage","@id":"https:\/\/it.cam4.com\/blog\/crosscard-smette-di-funzionare-su-cam4\/","url":"https:\/\/it.cam4.com\/blog\/crosscard-smette-di-funzionare-su-cam4\/","name":"Crosscard smetter\u00e0 di funzionare il 31 dicembre - CAM4 ti offre diverse soluzioni | Cam4 Blog Italiano | La migliore video-chat amatoriale web-cam gratis","isPartOf":{"@id":"https:\/\/it.cam4.com\/blog\/#website"},"datePublished":"2020-11-11T15:56:40+00:00","dateModified":"2020-11-11T17:57:04+00:00","breadcrumb":{"@id":"https:\/\/it.cam4.com\/blog\/crosscard-smette-di-funzionare-su-cam4\/#breadcrumb"},"inLanguage":"en-US","potentialAction":[{"@type":"ReadAction","target":["https:\/\/it.cam4.com\/blog\/crosscard-smette-di-funzionare-su-cam4\/"]}]},{"@type":"BreadcrumbList","@id":"https:\/\/it.cam4.com\/blog\/crosscard-smette-di-funzionare-su-cam4\/#breadcrumb","itemListElement":[{"@type":"ListItem","position":1,"name":"Crosscard smetter\u00e0 di funzionare il 31 dicembre &#8211; CAM4 ti offre diverse soluzioni"}]},{"@type":"WebSite","@id":"https:\/\/it.cam4.com\/blog\/#website","url":"https:\/\/it.cam4.com\/blog\/","name":"Cam4 Blog Italiano | La migliore video-chat amatoriale web-cam gratis","description":"News sulla migliore video-chat sexy amatoriale | Ragazze,ragazzi,trans in web-cam coppie scambiste dal vivo gratis senza censura divertendosi e guadagnando","potentialAction":[{"@type":"SearchAction","target":{"@type":"EntryPoint","urlTemplate":"https:\/\/it.cam4.com\/blog\/?s={search_term_string}"},"query-input":"required name=search_term_string"}],"inLanguage":"en-US"}]}},"_links":{"self":[{"href":"https:\/\/it.cam4.com\/blog\/wp-json\/wp\/v2\/pages\/37610"}],"collection":[{"href":"https:\/\/it.cam4.com\/blog\/wp-json\/wp\/v2\/pages"}],"about":[{"href":"https:\/\/it.cam4.com\/blog\/wp-json\/wp\/v2\/types\/page"}],"author":[{"embeddable":true,"href":"https:\/\/it.cam4.com\/blog\/wp-json\/wp\/v2\/users\/1"}],"replies":[{"embeddable":true,"href":"https:\/\/it.cam4.com\/blog\/wp-json\/wp\/v2\/comments?post=37610"}],"version-history":[{"count":0,"href":"https:\/\/it.cam4.com\/blog\/wp-json\/wp\/v2\/pages\/37610\/revisions"}],"wp:attachment":[{"href":"https:\/\/it.cam4.com\/blog\/wp-json\/wp\/v2\/media?parent=37610"}],"curies":[{"name":"wp","href":"https:\/\/api.w.org\/{rel}","templated":true}]}}