{"id":37408,"date":"2020-10-30T14:28:17","date_gmt":"2020-10-30T12:28:17","guid":{"rendered":"https:\/\/it.cam4.com\/blog\/?page_id=37408"},"modified":"2020-12-01T15:01:26","modified_gmt":"2020-12-01T13:01:26","slug":"vip-contest-novembre-2020","status":"publish","type":"page","link":"https:\/\/it.cam4.com\/blog\/vip-contest-novembre-2020\/","title":{"rendered":"VIP Performer Contest \u2605 Novembre 2020 \u265b"},"content":{"rendered":"\n<figure class=\"wp-block-image size-large\"><img width=\"1024\" height=\"264\" src=\"https:\/\/it.cam4.com\/blog\/wp-content\/blogs.dir\/3\/files\/2020\/10\/vip-it-2-1024x264.jpg\" alt=\"\" class=\"wp-image-37420\" srcset=\"https:\/\/it.cam4.com\/blog\/wp-content\/blogs.dir\/3\/files\/2020\/10\/vip-it-2-1024x264.jpg 1024w, https:\/\/it.cam4.com\/blog\/wp-content\/blogs.dir\/3\/files\/2020\/10\/vip-it-2-300x77.jpg 300w, https:\/\/it.cam4.com\/blog\/wp-content\/blogs.dir\/3\/files\/2020\/10\/vip-it-2-768x198.jpg 768w, https:\/\/it.cam4.com\/blog\/wp-content\/blogs.dir\/3\/files\/2020\/10\/vip-it-2.jpg 1096w\" sizes=\"(max-width: 1024px) 100vw, 1024px\" \/><\/figure>\n\n\n\n<h2 class=\"has-text-align-center\">\u2728 <strong>I VINCITORI VIP CAM4 <\/strong>\ud83c\uddee\ud83c\uddf9\u2728 <\/h2>\n\n\n\n<h3 class=\"has-text-align-center\"><span class=\"has-inline-color has-black-color\">\u265b<\/span>  <span style=\"color:#a0780a\" class=\"has-inline-color\">selene1975<\/span><span class=\"has-inline-color has-black-color\">   1000$<br>michelina87   700$<br>damarossaaaa  400$<br><\/span><br><span class=\"has-inline-color has-black-color\">melissa_k   300$<\/span><br><span class=\"has-inline-color has-black-color\">suami_   200$<br>babyelisa  150$<br>soniaextra 100$ <\/span><br><span class=\"has-inline-color has-black-color\"><br>ladyblue 50$ <br>monella007 50$<br>fragile7883  50$<\/span><\/h3>\n\n\n\n<p class=\"has-text-align-center\"><em><strong>Risultati verificati. Passaggi ed eccedenze rimossi<\/strong><\/em><br><em><strong>Per info scrivere a <a href=\"mailto:cam4_it@cam4.com\" target=\"_blank\" rel=\"noreferrer noopener\">cam4_it@cam4.com<\/a><\/strong><\/em><\/p>\n\n\n\n<p class=\"has-text-align-center\">________________________________________<\/p>\n\n\n\n<p class=\"has-text-align-center\">\ud83d\udc8e <strong>TOP 20 FINALE<\/strong> \ud83d\udc8e<br><br>selene1975<br>michelina87<br>damarossaaaa<br>melissa_k<br>suami_<br>babyelisa<br>soniaextra<br>ladyblue<br>monella007<br>fragile7883<br><br>squirtyangel<br>desiderame<br>peperinixxx<br>sally_x<br>sexjeux<br>caledoniax2<br>kira2_sexy<br>sexy_panteta<br>nicole_98<br>unasignora_<\/p>\n\n\n\n<p class=\"has-text-align-center\">_____________________________________<\/p>\n\n\n\n<h4 class=\"has-text-align-center\">Queste settimane trascorse a casa possono risultare tremendamente noiose&#8230; per fortuna nessun DPCM potra&#8217; fermare il divertimento online su CAM4!<\/h4>\n\n\n\n<h4 class=\"has-text-align-center\">Questo mese di Novembre CAM4 deciso di supportare i performer italiani,  rilanciando dopo il successo delle precedenti edizioni, <strong>un nuovo VIP Contest con un montepremi stellare di <span style=\"color:#0611b5\" class=\"has-inline-color\">3.000$<\/span><\/strong>!<\/h4>\n\n\n\n<h4 class=\"has-text-align-center\"><strong>10 Super Premi ai performer italiani che guadagneranno di pi\u00f9 su CAM4<\/strong> <br><strong>*<em>dal 1\u00b0 al 30 Novembre 2020*<\/em><\/strong><\/h4>\n\n\n\n<h2 class=\"has-text-align-center\">\u2728 <strong><span class=\"has-inline-color has-very-dark-gray-color\">10 PREMI VIP CAM<\/span><span class=\"has-inline-color has-luminous-vivid-orange-color\">4<\/span> <\/strong>\ud83c\uddee\ud83c\uddf9<strong> <\/strong>\u2728<\/h2>\n\n\n\n<h2 class=\"has-text-align-center\"> 1\u00b0 Premio: <strong><span style=\"color:#061094\" class=\"has-inline-color\">1000$<\/span><span class=\"has-inline-color has-luminous-vivid-amber-color\"> <\/span><\/strong><span class=\"has-inline-color has-very-dark-gray-color\">\u265b<\/span><br>2\u00b0 Premio: 700$ \ud83d\udc8e<br>3\u00b0 Premio: 400$ \ud83d\udc8e<br>4\u00b0 Premio: 300$ \ud83d\udc8e<br>5\u00b0 Premio: 200$ \ud83d\udc8e<br>6\u00b0 Premio: 150$ \ud83d\udc8e<br>7\u00b0 Premio: 100$ \ud83d\udc8e<br>8\u00b0 Premio: 50$ \ud83d\udc8e<br>9\u00b0 Premio: 50$ \ud83d\udc8e<br>10\u00b0 Premio: 50$ \ud83d\udc8e<\/h2>\n\n\n\n<p class=\"has-text-align-center has-background\" style=\"background-color:#f5e3b2\"><em><strong><span style=\"color:#061094\" class=\"has-inline-color\">Come vincere uno dei 10 mega premi?<\/span><\/strong><\/em><br><strong><br>Trasmetti su CAM4 e guadagna pi\u00f9 che puoi dal Primo al 30 Novembre 2020. Al termine del periodo indicato, i performer italiani che avranno guadagnato di pi\u00f9 riceveranno uno dei 10 incredibili premi!<\/strong><\/p>\n\n\n\n<p class=\"has-text-align-center\"><strong>Tutti i performer italiani sono automaticamente in gioco!<\/strong><\/p>\n\n\n\n<p>_____________________________________________________________________________<\/p>\n\n\n\n<p class=\"has-text-align-center has-very-dark-gray-color has-text-color\"><strong><em>I performer nella TOP 30 riceverranno aggiornamenti settimanali sulla classifica provvisoria tramite un messaggio di notifica su CAM4<\/em><\/strong><\/p>\n\n\n\n<p class=\"has-text-align-center has-very-light-gray-background-color has-background\"><strong><em>Se NON intendi partecipare al contest e se non vuoi che il tuo nome sia visualizzato nella Chart  provvisoria, invia un\u2019e-mail a <a rel=\"noreferrer noopener\" href=\"mailto:cam4_it@cam4.com\" target=\"_blank\">cam4_it@cam4.com<\/a> con riferimento<\/em><\/strong><br><strong><em> \u201cVIP Contest\u201d.<\/em><\/strong><\/p>\n\n\n\n<figure class=\"wp-block-image\"><img width=\"1011\" height=\"121\" src=\"https:\/\/it.cam4.com\/blog\/wp-content\/blogs.dir\/3\/files\/2019\/11\/image_2019_08_07T15_32_57_297Z.png\" alt=\"\" class=\"wp-image-34163\" srcset=\"https:\/\/it.cam4.com\/blog\/wp-content\/blogs.dir\/3\/files\/2019\/11\/image_2019_08_07T15_32_57_297Z.png 1011w, https:\/\/it.cam4.com\/blog\/wp-content\/blogs.dir\/3\/files\/2019\/11\/image_2019_08_07T15_32_57_297Z-300x36.png 300w, https:\/\/it.cam4.com\/blog\/wp-content\/blogs.dir\/3\/files\/2019\/11\/image_2019_08_07T15_32_57_297Z-768x92.png 768w\" sizes=\"(max-width: 1011px) 100vw, 1011px\" \/><\/figure>\n\n\n\n<p class=\"has-text-align-center has-very-light-gray-background-color has-background\"><strong><span class=\"has-inline-color has-vivid-red-color\">\u26a0\ufe0f ATTENZIONE!\u26a0\ufe0f<\/span><em><br> Questo \u00e8 il concorso CAM4 Italia con premi pi\u00f9 alti. Non saranno ammessi e conteggiati passaggi di token fra account, n<strong>\u00e9<\/strong> accordi con utenti e altri performer al fine di alterare i risultati del concorso.<\/em><\/strong><\/p>\n\n\n\n<hr class=\"wp-block-separator is-style-dots\"\/>\n\n\n\n<h2><span class=\"has-inline-color has-very-dark-gray-color\"><strong>Regolamento<\/strong>*<\/span><\/h2>\n\n\n\n<p>\u2013 Partecipano a questo contest <strong>solo i performer con account verificato che trasmettono dall\u2019Italia e Svizzera italiana<\/strong> <em><em>(uomo, donna e trans).<\/em><\/em><\/p>\n\n\n\n<p>\u2013 <strong>Vinceranno i premi i 10 performer con i guadagni maggiori<\/strong> registrati su CAM4 nel periodo indicato .<em> Non rientreranno nel conteggio i guadagni derivanti da bonus, premi e aggiustamenti di altra natura.<\/em><\/p>\n\n\n\n<p><strong>&#8211; Saranno conteggiati <span class=\"has-inline-color has-vivid-red-color\">massimo 10.000 Token (1000$) <\/span><span class=\"has-inline-color has-very-dark-gray-color\">derivanti dallo stesso tipper.<\/span><\/strong><\/p>\n\n\n\n<p>\u2013 <strong><span class=\"has-inline-color has-vivid-red-color\">Non sono ammessi passaggi di token o accordi fra u<\/span><\/strong><span class=\"has-inline-color has-vivid-red-color\"><strong>tenti e performer.<\/strong> <\/span>I passaggi di token da altri account  (es. moderatori, account collegati) dovranno essere dichiarati tramite  e-mail all\u2019indirizzo: <a rel=\"noreferrer noopener\" href=\"mailto:cam4_it@cam4.com\" target=\"_blank\">cam4_it@cam4.com<\/a><\/p>\n\n\n\n<p>\u2013 Il conteggio dei guadagni avr\u00e0 inizio <em><strong>domenica 1 Nov e terminer\u00e0 lunedi&#8217; 30 Nov<\/strong><\/em>* <em>(server time: dalle ore 5 am del Primo Novembre alle 5 am del 30 Novembre 2020)*.<\/em><\/p>\n\n\n\n<p>\u2013 Ogni tentativo di frode comporter\u00e0 l\u2019esclusione dai concorsi a premi di CAM4.<\/p>\n\n\n\n<p> &#8211; La classifica finale sara&#8217; pubblicata gioved\u00ec 3 Dicembre 2020.  I vincitori riceveranno un messaggio di notifica.<\/p>\n\n\n\n<hr class=\"wp-block-separator\"\/>\n","protected":false},"excerpt":{"rendered":"<p>\u2728 <strong>I VINCITORI VIP CAM4 <\/strong>\ud83c\uddee\ud83c\uddf9\u2728 \u265b selene1975 1000$michelina87 700$damarossaaaa 400$melissa_k 300$suami_ 200$babyelisa 150$soniaextra 100$ ladyblue 50$ monella007 50$fragile7883 50$ <\/p>\n<p class=\"has-text-align-center\"><em><strong>Risultati verificati.<\/p>\n","protected":false},"author":1,"featured_media":0,"parent":0,"menu_order":0,"comment_status":"closed","ping_status":"closed","template":"","meta":[],"yoast_head":"<!-- This site is optimized with the Yoast SEO plugin v19.7.1 - https:\/\/yoast.com\/wordpress\/plugins\/seo\/ -->\n<title>VIP Performer Contest \u2605 Novembre 2020 \u265b | Cam4 Blog Italiano | La migliore video-chat amatoriale web-cam gratis<\/title>\n<meta name=\"robots\" content=\"index, follow, max-snippet:-1, max-image-preview:large, max-video-preview:-1\" \/>\n<link rel=\"canonical\" href=\"https:\/\/it.cam4.com\/blog\/vip-contest-novembre-2020\/\" \/>\n<meta property=\"og:locale\" content=\"en_US\" \/>\n<meta property=\"og:type\" content=\"article\" \/>\n<meta property=\"og:title\" content=\"VIP Performer Contest \u2605 Novembre 2020 \u265b | Cam4 Blog Italiano | La migliore video-chat amatoriale web-cam gratis\" \/>\n<meta property=\"og:description\" content=\"\u2728 I VINCITORI VIP CAM4 \ud83c\uddee\ud83c\uddf9\u2728 \u265b selene1975 1000$michelina87 700$damarossaaaa 400$melissa_k 300$suami_ 200$babyelisa 150$soniaextra 100$ ladyblue 50$ monella007 50$fragile7883 50$ Risultati verificati.\" \/>\n<meta property=\"og:url\" content=\"https:\/\/it.cam4.com\/blog\/vip-contest-novembre-2020\/\" \/>\n<meta property=\"og:site_name\" content=\"Cam4 Blog Italiano | La migliore video-chat amatoriale web-cam gratis\" \/>\n<meta property=\"article:modified_time\" content=\"2020-12-01T13:01:26+00:00\" \/>\n<meta property=\"og:image\" content=\"https:\/\/it.cam4.com\/blog\/wp-content\/blogs.dir\/3\/files\/2020\/10\/vip-it-2-1024x264.jpg\" \/>\n<meta name=\"twitter:card\" content=\"summary_large_image\" \/>\n<meta name=\"twitter:site\" content=\"@cam4_it\" \/>\n<meta name=\"twitter:label1\" content=\"Est. reading time\" \/>\n\t<meta name=\"twitter:data1\" content=\"2 minutes\" \/>\n<script type=\"application\/ld+json\" class=\"yoast-schema-graph\">{\"@context\":\"https:\/\/schema.org\",\"@graph\":[{\"@type\":\"WebPage\",\"@id\":\"https:\/\/it.cam4.com\/blog\/vip-contest-novembre-2020\/\",\"url\":\"https:\/\/it.cam4.com\/blog\/vip-contest-novembre-2020\/\",\"name\":\"VIP Performer Contest \u2605 Novembre 2020 \u265b | Cam4 Blog Italiano | La migliore video-chat amatoriale web-cam gratis\",\"isPartOf\":{\"@id\":\"https:\/\/it.cam4.com\/blog\/#website\"},\"datePublished\":\"2020-10-30T12:28:17+00:00\",\"dateModified\":\"2020-12-01T13:01:26+00:00\",\"breadcrumb\":{\"@id\":\"https:\/\/it.cam4.com\/blog\/vip-contest-novembre-2020\/#breadcrumb\"},\"inLanguage\":\"en-US\",\"potentialAction\":[{\"@type\":\"ReadAction\",\"target\":[\"https:\/\/it.cam4.com\/blog\/vip-contest-novembre-2020\/\"]}]},{\"@type\":\"BreadcrumbList\",\"@id\":\"https:\/\/it.cam4.com\/blog\/vip-contest-novembre-2020\/#breadcrumb\",\"itemListElement\":[{\"@type\":\"ListItem\",\"position\":1,\"name\":\"VIP Performer Contest \u2605 Novembre 2020 \u265b\"}]},{\"@type\":\"WebSite\",\"@id\":\"https:\/\/it.cam4.com\/blog\/#website\",\"url\":\"https:\/\/it.cam4.com\/blog\/\",\"name\":\"Cam4 Blog Italiano | La migliore video-chat amatoriale web-cam gratis\",\"description\":\"News sulla migliore video-chat sexy amatoriale | Ragazze,ragazzi,trans in web-cam coppie scambiste dal vivo gratis senza censura divertendosi e guadagnando\",\"potentialAction\":[{\"@type\":\"SearchAction\",\"target\":{\"@type\":\"EntryPoint\",\"urlTemplate\":\"https:\/\/it.cam4.com\/blog\/?s={search_term_string}\"},\"query-input\":\"required name=search_term_string\"}],\"inLanguage\":\"en-US\"}]}<\/script>\n<!-- \/ Yoast SEO plugin. -->","yoast_head_json":{"title":"VIP Performer Contest \u2605 Novembre 2020 \u265b | Cam4 Blog Italiano | La migliore video-chat amatoriale web-cam gratis","robots":{"index":"index","follow":"follow","max-snippet":"max-snippet:-1","max-image-preview":"max-image-preview:large","max-video-preview":"max-video-preview:-1"},"canonical":"https:\/\/it.cam4.com\/blog\/vip-contest-novembre-2020\/","og_locale":"en_US","og_type":"article","og_title":"VIP Performer Contest \u2605 Novembre 2020 \u265b | Cam4 Blog Italiano | La migliore video-chat amatoriale web-cam gratis","og_description":"\u2728 I VINCITORI VIP CAM4 \ud83c\uddee\ud83c\uddf9\u2728 \u265b selene1975 1000$michelina87 700$damarossaaaa 400$melissa_k 300$suami_ 200$babyelisa 150$soniaextra 100$ ladyblue 50$ monella007 50$fragile7883 50$ Risultati verificati.","og_url":"https:\/\/it.cam4.com\/blog\/vip-contest-novembre-2020\/","og_site_name":"Cam4 Blog Italiano | La migliore video-chat amatoriale web-cam gratis","article_modified_time":"2020-12-01T13:01:26+00:00","og_image":[{"url":"https:\/\/it.cam4.com\/blog\/wp-content\/blogs.dir\/3\/files\/2020\/10\/vip-it-2-1024x264.jpg"}],"twitter_card":"summary_large_image","twitter_site":"@cam4_it","twitter_misc":{"Est. reading time":"2 minutes"},"schema":{"@context":"https:\/\/schema.org","@graph":[{"@type":"WebPage","@id":"https:\/\/it.cam4.com\/blog\/vip-contest-novembre-2020\/","url":"https:\/\/it.cam4.com\/blog\/vip-contest-novembre-2020\/","name":"VIP Performer Contest \u2605 Novembre 2020 \u265b | Cam4 Blog Italiano | La migliore video-chat amatoriale web-cam gratis","isPartOf":{"@id":"https:\/\/it.cam4.com\/blog\/#website"},"datePublished":"2020-10-30T12:28:17+00:00","dateModified":"2020-12-01T13:01:26+00:00","breadcrumb":{"@id":"https:\/\/it.cam4.com\/blog\/vip-contest-novembre-2020\/#breadcrumb"},"inLanguage":"en-US","potentialAction":[{"@type":"ReadAction","target":["https:\/\/it.cam4.com\/blog\/vip-contest-novembre-2020\/"]}]},{"@type":"BreadcrumbList","@id":"https:\/\/it.cam4.com\/blog\/vip-contest-novembre-2020\/#breadcrumb","itemListElement":[{"@type":"ListItem","position":1,"name":"VIP Performer Contest \u2605 Novembre 2020 \u265b"}]},{"@type":"WebSite","@id":"https:\/\/it.cam4.com\/blog\/#website","url":"https:\/\/it.cam4.com\/blog\/","name":"Cam4 Blog Italiano | La migliore video-chat amatoriale web-cam gratis","description":"News sulla migliore video-chat sexy amatoriale | Ragazze,ragazzi,trans in web-cam coppie scambiste dal vivo gratis senza censura divertendosi e guadagnando","potentialAction":[{"@type":"SearchAction","target":{"@type":"EntryPoint","urlTemplate":"https:\/\/it.cam4.com\/blog\/?s={search_term_string}"},"query-input":"required name=search_term_string"}],"inLanguage":"en-US"}]}},"_links":{"self":[{"href":"https:\/\/it.cam4.com\/blog\/wp-json\/wp\/v2\/pages\/37408"}],"collection":[{"href":"https:\/\/it.cam4.com\/blog\/wp-json\/wp\/v2\/pages"}],"about":[{"href":"https:\/\/it.cam4.com\/blog\/wp-json\/wp\/v2\/types\/page"}],"author":[{"embeddable":true,"href":"https:\/\/it.cam4.com\/blog\/wp-json\/wp\/v2\/users\/1"}],"replies":[{"embeddable":true,"href":"https:\/\/it.cam4.com\/blog\/wp-json\/wp\/v2\/comments?post=37408"}],"version-history":[{"count":9,"href":"https:\/\/it.cam4.com\/blog\/wp-json\/wp\/v2\/pages\/37408\/revisions"}],"predecessor-version":[{"id":37829,"href":"https:\/\/it.cam4.com\/blog\/wp-json\/wp\/v2\/pages\/37408\/revisions\/37829"}],"wp:attachment":[{"href":"https:\/\/it.cam4.com\/blog\/wp-json\/wp\/v2\/media?parent=37408"}],"curies":[{"name":"wp","href":"https:\/\/api.w.org\/{rel}","templated":true}]}}