{"id":36310,"date":"2020-06-12T13:55:16","date_gmt":"2020-06-12T11:55:16","guid":{"rendered":"https:\/\/it.cam4.com\/blog\/?page_id=36310"},"modified":"2020-07-01T14:35:34","modified_gmt":"2020-07-01T12:35:34","slug":"vip-camboy-contest-giugno","status":"publish","type":"page","link":"https:\/\/it.cam4.com\/blog\/vip-camboy-contest-giugno\/","title":{"rendered":"VIP CAMBOY Contest \u2605 Giugno \u265b"},"content":{"rendered":"\n<figure class=\"wp-block-image size-large\"><img width=\"1024\" height=\"264\" src=\"https:\/\/it.cam4.com\/blog\/wp-content\/blogs.dir\/3\/files\/2020\/06\/vip-male-it-banner-1024x264.jpg\" alt=\"\" class=\"wp-image-36315\" srcset=\"https:\/\/it.cam4.com\/blog\/wp-content\/blogs.dir\/3\/files\/2020\/06\/vip-male-it-banner-1024x264.jpg 1024w, https:\/\/it.cam4.com\/blog\/wp-content\/blogs.dir\/3\/files\/2020\/06\/vip-male-it-banner-300x77.jpg 300w, https:\/\/it.cam4.com\/blog\/wp-content\/blogs.dir\/3\/files\/2020\/06\/vip-male-it-banner-768x198.jpg 768w, https:\/\/it.cam4.com\/blog\/wp-content\/blogs.dir\/3\/files\/2020\/06\/vip-male-it-banner.jpg 1096w\" sizes=\"(max-width: 1024px) 100vw, 1024px\" \/><\/figure>\n\n\n\n<h2 class=\"has-text-align-center\"><strong>The Winnners <\/strong>\ud83d\udc8e <strong> VIP<\/strong> CAMBOY  <\/h2>\n\n\n\n<h2 class=\"has-text-align-center\">      Frenzis61      \u265b  <strong>250$ <\/strong><br>     Bicchiere30      <strong>100$ <\/strong><br>   ItalySexyMan<strong>  75$ <\/strong><br>Fla86vioo      <strong> 50$ <\/strong><\/h2>\n\n\n\n<p class=\"has-text-align-center\">Risultati verificati. Complimenti ai vincitori!<br>Per richieste o domande scrivere una email a <a rel=\"noreferrer noopener\" aria-label=\"cam4_it@cam4.com (opens in a new tab)\" href=\"mailto:cam4_it@cam4.com\" target=\"_blank\">cam4_it@cam4.com<\/a><br><br>_____________________________<\/p>\n\n\n\n<h4 class=\"has-text-align-center\">Per festeggiare il mese dedicato al Pride, questo Giugno vogliamo omaggiare i<strong> camboy italian<\/strong>i con un contest speciale a loro dedicato! Dopo il successo del  VIP, questo mese CAM4 Italia incoroner\u00e0 i 4 Cam Boy VIP Italia!<\/h4>\n\n\n\n<p class=\"has-text-color has-text-align-center has-medium-font-size has-very-dark-gray-color\"><strong>4 Super Premi per in palio per i camboy italiani che guadagneranno di pi\u00f9 su CAM4<\/strong> <strong>*<em>da luned\u00ec 15 a marted\u00ec 30 Giugno 2020*!<\/em><\/strong><br><\/p>\n\n\n\n<figure class=\"wp-block-image size-large\"><img width=\"1024\" height=\"264\" src=\"https:\/\/it.cam4.com\/blog\/wp-content\/blogs.dir\/3\/files\/2020\/06\/vip-male-banner-1024x264.jpg\" alt=\"\" class=\"wp-image-36314\" srcset=\"https:\/\/it.cam4.com\/blog\/wp-content\/blogs.dir\/3\/files\/2020\/06\/vip-male-banner-1024x264.jpg 1024w, https:\/\/it.cam4.com\/blog\/wp-content\/blogs.dir\/3\/files\/2020\/06\/vip-male-banner-300x77.jpg 300w, https:\/\/it.cam4.com\/blog\/wp-content\/blogs.dir\/3\/files\/2020\/06\/vip-male-banner-768x198.jpg 768w, https:\/\/it.cam4.com\/blog\/wp-content\/blogs.dir\/3\/files\/2020\/06\/vip-male-banner.jpg 1096w\" sizes=\"(max-width: 1024px) 100vw, 1024px\" \/><\/figure>\n\n\n\n<h2 class=\"has-text-align-center\">\u2728 <strong>PREMI CAMBOY <\/strong>VIP \ud83c\uddee\ud83c\uddf9<strong> <\/strong>\u2728<\/h2>\n\n\n\n<h2 class=\"has-text-align-center\"> 1\u00b0 Premio \u265b <strong>250$ <\/strong>\ud83d\udc8e<br> 2\u00b0 Premio     <strong>100$ <\/strong>\ud83d\udc8e<br> <strong> <\/strong>3\u00b0 Premio<strong>     75$ <\/strong>\ud83d\udc8e<strong><br>  <\/strong>4\u00b0 Premio <strong>    50$ <\/strong>\ud83d\udc8e<\/h2>\n\n\n\n<h2 class=\"has-text-align-center\"><em><strong>Come vincere uno dei 4 premi CAMBOY VIP?<\/strong><\/em><\/h2>\n\n\n\n<h4 class=\"has-text-align-center\"><strong>I performer italiani di sesso maschile che guadagneranno di pi\u00f9 dal 15 al 30 Giugno riceveranno uno dei 4 incredibili premi!<\/strong><\/h4>\n\n\n\n<p class=\"has-text-align-center\"><strong>Tutti i performer italiani (<em>sesso del profilo: uomo<\/em>) sono automaticamente in gioco e potranno vincere un premio!<\/strong><\/p>\n\n\n\n<p class=\"has-background has-text-align-center has-very-light-gray-background-color\"><strong><em>Se NON intendi partecipare al contest e se non vuoi che il tuo nome sia visualizzato nella Chart  provvisoria, invia un\u2019e-mail a <a rel=\"noreferrer noopener\" href=\"mailto:cam4_it@cam4.com\" target=\"_blank\">cam4_it@cam4.com<\/a><\/em><\/strong><\/p>\n\n\n\n<p class=\"has-text-color has-text-align-center has-very-dark-gray-color\"><strong>I performer nella TOP 10 riceverranno aggiornamenti settimanali sulla classifica provvisoria tramite un messaggio di notifica su CAM4<\/strong>.<\/p>\n\n\n\n<p class=\"has-background has-text-align-center has-very-light-gray-background-color\"><strong>\u26a0\ufe0fATTENZIONE!\u26a0\ufe0f<em><br> Questo \u00e8 il concorso CAM4 Italia con premi pi\u00f9 alti. Non saranno ammessi  e conteggiati passaggi di token fra account, n\u00e8 accordi con utenti e  altri performer al fine di alterare i risultati del concorso. <\/em><\/strong><\/p>\n\n\n\n<hr class=\"wp-block-separator is-style-dots\"\/>\n\n\n\n<p class=\"has-text-color has-large-font-size has-very-dark-gray-color\"><strong>Regolamento:<\/strong><\/p>\n\n\n\n<p>\u2013 Partecipano a questo contest <strong>solo i performer di sesso maschile (uomo) con account verificato che trasmettono dall\u2019Italia e Svizzera italiana<\/strong>.<\/p>\n\n\n\n<p>\u2013 <strong>Vinceranno i premi i 4 camboy con i guadagni maggiori<\/strong> registrati su CAM4 nel periodo indicato .<em> Non rientreranno nel conteggio i guadagni derivanti da bonus, premi e aggiustamenti di altra natura.<\/em><\/p>\n\n\n\n<p>\u2013 Il conteggio dei guadagni avr\u00e0 inizio <em><strong>luned\u00ec<\/strong><\/em> <em><strong>15 Giugno e terminer\u00e0 marted\u00ec 30 Giugno<\/strong><\/em>* <em>(server time: dalle ore 5 am del 15 Giugno alle 5 am del 30 Giugno 2020*.<\/em><\/p>\n\n\n\n<p>&#8211; Saranno conteggiati <strong>massimo 5000 Token (500$) dallo stesso tipper.<\/strong> <br>Se ad esempio ricevi 8000 Token dallo stesso utente saranno conteggiati 5000 Token a fini del contest.<\/p>\n\n\n\n<p>\u2013 Non sono ammessi passaggi di token o accordi fra utenti e performer. I passaggi di token da altri account  (es. moderatori, account collegati) dovranno essere dichiarati tramite e-mail all\u2019indirizzo: <a rel=\"noreferrer noopener\" href=\"mailto:cam4_it@cam4.com\" target=\"_blank\">cam4_it@cam4.com<\/a><\/p>\n\n\n\n<p>\u2013 Ogni tentativo di frode comporter\u00e0 l\u2019esclusione dai concorsi a premi di CAM4.<\/p>\n\n\n\n<p> &#8211; La classifica finale sara&#8217; pubblicata venerd\u00ec 3 Luglio 2020.  I vincitori riceveranno un messagio di notifica. <strong>.<\/strong><\/p>\n\n\n\n<hr class=\"wp-block-separator\"\/>\n","protected":false},"excerpt":{"rendered":"<p><strong>The Winnners <\/strong>\ud83d\udc8e <strong> VIP<\/strong> CAMBOY Frenzis61 \u265b <strong>250$ <\/strong> Bicchiere30 <strong>100$ <\/strong> ItalySexyMan<strong> 75$ <\/strong>Fla86vioo <strong> 50$ <\/strong> <\/p>\n<p class=\"has-text-align-center\">Risultati verificati. Complimenti<\/p>\n","protected":false},"author":1,"featured_media":0,"parent":0,"menu_order":0,"comment_status":"closed","ping_status":"closed","template":"","meta":[],"yoast_head":"<!-- This site is optimized with the Yoast SEO plugin v19.7.1 - https:\/\/yoast.com\/wordpress\/plugins\/seo\/ -->\n<title>VIP CAMBOY Contest \u2605 Giugno \u265b | Cam4 Blog Italiano | La migliore video-chat amatoriale web-cam gratis<\/title>\n<meta name=\"robots\" content=\"index, follow, max-snippet:-1, max-image-preview:large, max-video-preview:-1\" \/>\n<link rel=\"canonical\" href=\"https:\/\/it.cam4.com\/blog\/vip-camboy-contest-giugno\/\" \/>\n<meta property=\"og:locale\" content=\"en_US\" \/>\n<meta property=\"og:type\" content=\"article\" \/>\n<meta property=\"og:title\" content=\"VIP CAMBOY Contest \u2605 Giugno \u265b | Cam4 Blog Italiano | La migliore video-chat amatoriale web-cam gratis\" \/>\n<meta property=\"og:description\" content=\"The Winnners \ud83d\udc8e VIP CAMBOY Frenzis61 \u265b 250$ Bicchiere30 100$ ItalySexyMan 75$ Fla86vioo 50$ Risultati verificati. Complimenti\" \/>\n<meta property=\"og:url\" content=\"https:\/\/it.cam4.com\/blog\/vip-camboy-contest-giugno\/\" \/>\n<meta property=\"og:site_name\" content=\"Cam4 Blog Italiano | La migliore video-chat amatoriale web-cam gratis\" \/>\n<meta property=\"article:modified_time\" content=\"2020-07-01T12:35:34+00:00\" \/>\n<meta property=\"og:image\" content=\"https:\/\/it.cam4.com\/blog\/wp-content\/blogs.dir\/3\/files\/2020\/06\/vip-male-it-banner-1024x264.jpg\" \/>\n<meta name=\"twitter:card\" content=\"summary_large_image\" \/>\n<meta name=\"twitter:site\" content=\"@cam4_it\" \/>\n<meta name=\"twitter:label1\" content=\"Est. reading time\" \/>\n\t<meta name=\"twitter:data1\" content=\"2 minutes\" \/>\n<script type=\"application\/ld+json\" class=\"yoast-schema-graph\">{\"@context\":\"https:\/\/schema.org\",\"@graph\":[{\"@type\":\"WebPage\",\"@id\":\"https:\/\/it.cam4.com\/blog\/vip-camboy-contest-giugno\/\",\"url\":\"https:\/\/it.cam4.com\/blog\/vip-camboy-contest-giugno\/\",\"name\":\"VIP CAMBOY Contest \u2605 Giugno \u265b | Cam4 Blog Italiano | La migliore video-chat amatoriale web-cam gratis\",\"isPartOf\":{\"@id\":\"https:\/\/it.cam4.com\/blog\/#website\"},\"datePublished\":\"2020-06-12T11:55:16+00:00\",\"dateModified\":\"2020-07-01T12:35:34+00:00\",\"breadcrumb\":{\"@id\":\"https:\/\/it.cam4.com\/blog\/vip-camboy-contest-giugno\/#breadcrumb\"},\"inLanguage\":\"en-US\",\"potentialAction\":[{\"@type\":\"ReadAction\",\"target\":[\"https:\/\/it.cam4.com\/blog\/vip-camboy-contest-giugno\/\"]}]},{\"@type\":\"BreadcrumbList\",\"@id\":\"https:\/\/it.cam4.com\/blog\/vip-camboy-contest-giugno\/#breadcrumb\",\"itemListElement\":[{\"@type\":\"ListItem\",\"position\":1,\"name\":\"VIP CAMBOY Contest \u2605 Giugno \u265b\"}]},{\"@type\":\"WebSite\",\"@id\":\"https:\/\/it.cam4.com\/blog\/#website\",\"url\":\"https:\/\/it.cam4.com\/blog\/\",\"name\":\"Cam4 Blog Italiano | La migliore video-chat amatoriale web-cam gratis\",\"description\":\"News sulla migliore video-chat sexy amatoriale | Ragazze,ragazzi,trans in web-cam coppie scambiste dal vivo gratis senza censura divertendosi e guadagnando\",\"potentialAction\":[{\"@type\":\"SearchAction\",\"target\":{\"@type\":\"EntryPoint\",\"urlTemplate\":\"https:\/\/it.cam4.com\/blog\/?s={search_term_string}\"},\"query-input\":\"required name=search_term_string\"}],\"inLanguage\":\"en-US\"}]}<\/script>\n<!-- \/ Yoast SEO plugin. -->","yoast_head_json":{"title":"VIP CAMBOY Contest \u2605 Giugno \u265b | Cam4 Blog Italiano | La migliore video-chat amatoriale web-cam gratis","robots":{"index":"index","follow":"follow","max-snippet":"max-snippet:-1","max-image-preview":"max-image-preview:large","max-video-preview":"max-video-preview:-1"},"canonical":"https:\/\/it.cam4.com\/blog\/vip-camboy-contest-giugno\/","og_locale":"en_US","og_type":"article","og_title":"VIP CAMBOY Contest \u2605 Giugno \u265b | Cam4 Blog Italiano | La migliore video-chat amatoriale web-cam gratis","og_description":"The Winnners \ud83d\udc8e VIP CAMBOY Frenzis61 \u265b 250$ Bicchiere30 100$ ItalySexyMan 75$ Fla86vioo 50$ Risultati verificati. Complimenti","og_url":"https:\/\/it.cam4.com\/blog\/vip-camboy-contest-giugno\/","og_site_name":"Cam4 Blog Italiano | La migliore video-chat amatoriale web-cam gratis","article_modified_time":"2020-07-01T12:35:34+00:00","og_image":[{"url":"https:\/\/it.cam4.com\/blog\/wp-content\/blogs.dir\/3\/files\/2020\/06\/vip-male-it-banner-1024x264.jpg"}],"twitter_card":"summary_large_image","twitter_site":"@cam4_it","twitter_misc":{"Est. reading time":"2 minutes"},"schema":{"@context":"https:\/\/schema.org","@graph":[{"@type":"WebPage","@id":"https:\/\/it.cam4.com\/blog\/vip-camboy-contest-giugno\/","url":"https:\/\/it.cam4.com\/blog\/vip-camboy-contest-giugno\/","name":"VIP CAMBOY Contest \u2605 Giugno \u265b | Cam4 Blog Italiano | La migliore video-chat amatoriale web-cam gratis","isPartOf":{"@id":"https:\/\/it.cam4.com\/blog\/#website"},"datePublished":"2020-06-12T11:55:16+00:00","dateModified":"2020-07-01T12:35:34+00:00","breadcrumb":{"@id":"https:\/\/it.cam4.com\/blog\/vip-camboy-contest-giugno\/#breadcrumb"},"inLanguage":"en-US","potentialAction":[{"@type":"ReadAction","target":["https:\/\/it.cam4.com\/blog\/vip-camboy-contest-giugno\/"]}]},{"@type":"BreadcrumbList","@id":"https:\/\/it.cam4.com\/blog\/vip-camboy-contest-giugno\/#breadcrumb","itemListElement":[{"@type":"ListItem","position":1,"name":"VIP CAMBOY Contest \u2605 Giugno \u265b"}]},{"@type":"WebSite","@id":"https:\/\/it.cam4.com\/blog\/#website","url":"https:\/\/it.cam4.com\/blog\/","name":"Cam4 Blog Italiano | La migliore video-chat amatoriale web-cam gratis","description":"News sulla migliore video-chat sexy amatoriale | Ragazze,ragazzi,trans in web-cam coppie scambiste dal vivo gratis senza censura divertendosi e guadagnando","potentialAction":[{"@type":"SearchAction","target":{"@type":"EntryPoint","urlTemplate":"https:\/\/it.cam4.com\/blog\/?s={search_term_string}"},"query-input":"required name=search_term_string"}],"inLanguage":"en-US"}]}},"_links":{"self":[{"href":"https:\/\/it.cam4.com\/blog\/wp-json\/wp\/v2\/pages\/36310"}],"collection":[{"href":"https:\/\/it.cam4.com\/blog\/wp-json\/wp\/v2\/pages"}],"about":[{"href":"https:\/\/it.cam4.com\/blog\/wp-json\/wp\/v2\/types\/page"}],"author":[{"embeddable":true,"href":"https:\/\/it.cam4.com\/blog\/wp-json\/wp\/v2\/users\/1"}],"replies":[{"embeddable":true,"href":"https:\/\/it.cam4.com\/blog\/wp-json\/wp\/v2\/comments?post=36310"}],"version-history":[{"count":0,"href":"https:\/\/it.cam4.com\/blog\/wp-json\/wp\/v2\/pages\/36310\/revisions"}],"wp:attachment":[{"href":"https:\/\/it.cam4.com\/blog\/wp-json\/wp\/v2\/media?parent=36310"}],"curies":[{"name":"wp","href":"https:\/\/api.w.org\/{rel}","templated":true}]}}