{"id":35880,"date":"2020-04-30T14:03:32","date_gmt":"2020-04-30T12:03:32","guid":{"rendered":"https:\/\/it.cam4.com\/blog\/?page_id=35880"},"modified":"2020-06-01T17:59:53","modified_gmt":"2020-06-01T15:59:53","slug":"vip-performer-contest-maggio-2020","status":"publish","type":"page","link":"https:\/\/it.cam4.com\/blog\/vip-performer-contest-maggio-2020\/","title":{"rendered":"VIP Performer Contest \u2605 Maggio 2020 \u265b"},"content":{"rendered":"\n<figure class=\"wp-block-image size-large\"><img width=\"1024\" height=\"264\" src=\"https:\/\/it.cam4.com\/blog\/wp-content\/blogs.dir\/3\/files\/2020\/04\/vip-contest-maggio-1024x264.jpg\" alt=\"\" class=\"wp-image-35884\" srcset=\"https:\/\/it.cam4.com\/blog\/wp-content\/blogs.dir\/3\/files\/2020\/04\/vip-contest-maggio-1024x264.jpg 1024w, https:\/\/it.cam4.com\/blog\/wp-content\/blogs.dir\/3\/files\/2020\/04\/vip-contest-maggio-300x77.jpg 300w, https:\/\/it.cam4.com\/blog\/wp-content\/blogs.dir\/3\/files\/2020\/04\/vip-contest-maggio-768x198.jpg 768w, https:\/\/it.cam4.com\/blog\/wp-content\/blogs.dir\/3\/files\/2020\/04\/vip-contest-maggio.jpg 1096w\" sizes=\"(max-width: 1024px) 100vw, 1024px\" \/><\/figure>\n\n\n\n<h2 class=\"has-text-align-center\"> \u2728I VINCITORI<strong> VIP MAGGIO<\/strong>\u2728 <\/h2>\n\n\n\n<h2 class=\"has-text-align-center\"> \u265b Michelina87      <strong>500$ <\/strong><br> Damarossaaaa   <strong>250$ <\/strong>\ud83d\udc8e<br>Peperinixxx<strong>    150$ <\/strong>\ud83d\udc8e<br>Fragile7883 <strong>   100$ <\/strong>\ud83d\udc8e<br>   Suami_   <strong>  50$  <\/strong>\ud83d\udc8e<\/h2>\n\n\n\n<h2 class=\"has-text-align-center\"> <em> \u2728 extra premi Top 10<\/em><\/h2>\n\n\n\n<h2 class=\"has-text-align-center\"> babyelisa     <em>20$<\/em><br>belletette93  <em>20$<\/em><br> selene1975    <em>20$<\/em><br>sexjeux      <em>20$<\/em><br>smeralda33 <em>  20$<\/em><\/h2>\n\n\n\n<h4 class=\"has-text-align-center\"><br><em>Risultati verificati. Passaggi di Token tra account sono stati detratti dal conteggio finale della TOP 10.<br>Per info riguardo al contest si prega di scrivere a cam4_it@cam4.com<\/em><br>_____________________________<\/h4>\n\n\n\n<h4 class=\"has-text-align-center\"><strong>Queste settimane trascorse in solitudine a casa possono risultare tremendamente noiose&#8230; per fortuna il divertimento non si ferma su CAM4!<\/strong><\/h4>\n\n\n\n<p class=\"has-text-color has-text-align-center has-medium-font-size has-very-dark-gray-color\"><strong> CAM4 Italia ha deciso di movimentare la situazione,  rilanciando dopo il successo delle precedenti edizioni, il VIP contest che incoroner\u00e0 i 5 TOP Performer di Maggio!<\/strong><\/p>\n\n\n\n<h2 class=\"has-text-align-center\">\u2728 <strong>5 PREMI VIP CAM4 <\/strong>\ud83c\uddee\ud83c\uddf9<strong> <\/strong>\u2728<\/h2>\n\n\n\n<h2 class=\"has-text-align-center\"> 1\u00b0 Premio \u265b <strong>500$ <\/strong>\ud83d\udc8e<br> 2\u00b0 Premio     <strong>250$ <\/strong>\ud83d\udc8e<br> <strong> <\/strong>3\u00b0 Premio<strong>    150$ <\/strong>\ud83d\udc8e<strong><br>  <\/strong>4\u00b0 Premio <strong>   100$ <\/strong>\ud83d\udc8e<br>   5\u00b0 Premio   <strong>  50$  <\/strong>\ud83d\udc8e <\/h2>\n\n\n\n<p class=\"has-text-color has-text-align-center has-medium-font-size has-very-dark-gray-color\"><strong>5 Super Premi per in palio per i performer italiani che guadagneranno di pi\u00f9 su CAM4<\/strong> *<strong><em>dal Primo Maggio a al 31 Maggio 2020*!<\/em><\/strong><\/p>\n\n\n\n<p><\/p>\n\n\n\n<p style=\"background-color:#e3b9e2\" class=\"has-text-color has-background has-text-align-center has-very-dark-gray-color\"><em><strong>Come vincere uno dei 5 VIP premi?<\/strong><\/em><br><strong><br>Trasmetti su CAM4 e guadagna pi\u00f9 che puoi da venerd\u00ec Primo a domenica 31 Maggio 2020. Al termine del periodo indicato, i 5 performer italiani che avranno guadagnato di pi\u00f9 riceveranno uno dei 5 incredibili premi!<\/strong><\/p>\n\n\n\n<p class=\"has-text-align-center\"><strong>Tutti i performer italiani sono automaticamente in gioco e potranno vincere un premio!<\/strong><\/p>\n\n\n\n<p>_____________________________________________________________________________<\/p>\n\n\n\n<p class=\"has-background has-text-align-center has-very-light-gray-background-color\"><strong><em>Se NON intendi partecipare al  contest e se non vuoi che il tuo nome sia visualizzato nella Chart  provvisoria, invia un\u2019e-mail a <a rel=\"noreferrer noopener\" href=\"mailto:cam4_it@cam4.com\" target=\"_blank\">cam4_it@cam4.com<\/a> con riferimento \u201cVIP Contest\u201d.<\/em><\/strong><\/p>\n\n\n\n<p class=\"has-text-color has-text-align-center has-very-dark-gray-color\"><strong><em>I performer nella TOP 20 riceverranno aggiornamenti settimanali sulla classifica provvisoria tramite un messaggio di notifica su CAM4<\/em><\/strong><\/p>\n\n\n\n<figure class=\"wp-block-image\"><img width=\"1011\" height=\"121\" src=\"https:\/\/it.cam4.com\/blog\/wp-content\/blogs.dir\/3\/files\/2019\/11\/image_2019_08_07T15_32_57_297Z.png\" alt=\"\" class=\"wp-image-34163\" srcset=\"https:\/\/it.cam4.com\/blog\/wp-content\/blogs.dir\/3\/files\/2019\/11\/image_2019_08_07T15_32_57_297Z.png 1011w, https:\/\/it.cam4.com\/blog\/wp-content\/blogs.dir\/3\/files\/2019\/11\/image_2019_08_07T15_32_57_297Z-300x36.png 300w, https:\/\/it.cam4.com\/blog\/wp-content\/blogs.dir\/3\/files\/2019\/11\/image_2019_08_07T15_32_57_297Z-768x92.png 768w\" sizes=\"(max-width: 1011px) 100vw, 1011px\" \/><\/figure>\n\n\n\n<p class=\"has-background has-text-align-center has-very-light-gray-background-color\"><strong>\u26a0\ufe0fATTENZIONE!\u26a0\ufe0f<em><br>\nQuesto \u00e8 il concorso CAM4 Italia con premi pi\u00f9 alti. Non saranno ammessi\n e conteggiati passaggi di token fra account, n\u00e8 accordi con utenti e \naltri performer al fine di alterare i risultati del concorso.<br>\n<\/em><\/strong><\/p>\n\n\n\n<hr class=\"wp-block-separator is-style-dots\"\/>\n\n\n\n<p class=\"has-text-color has-large-font-size has-very-dark-gray-color\"><strong>Regolamento:<\/strong><\/p>\n\n\n\n<p>\u2013 Partecipano a questo contest <strong>solo i performer con account verificato che trasmettono dall\u2019Italia e Svizzera italiana<\/strong>.<\/p>\n\n\n\n<p>\u2013 <strong>Vinceranno i premi i 5 performer con i guadagni maggiori<\/strong> registrati su CAM4 nel periodo indicato .<em> Non rientreranno nel conteggio i guadagni derivanti da bonus, premi e aggiustamenti di altra natura.<\/em><\/p>\n\n\n\n<p>\u2013 Il conteggio dei guadagni avr\u00e0 inizio <em><strong>venerd\u00ec<\/strong><\/em> <em><strong>Primo Maggio e terminer\u00e0 domenica 31 Maggio 2020<\/strong><\/em>* <em>(server time: dalle ore 5 am del Primo Maggio alle 5 am del Primo Giugno)*.<\/em><\/p>\n\n\n\n<p>\u2013 Non sono ammessi passaggi di token o accordi fra utenti e performer. I passaggi di token da altri account  (es. moderatori, account collegati) dovranno essere dichiarati tramite  e-mail all\u2019indirizzo: <a rel=\"noreferrer noopener\" href=\"mailto:cam4_it@cam4.com\" target=\"_blank\">cam4_it@cam4.com<\/a><\/p>\n\n\n\n<p>\u2013 Ogni tentativo di frode comporter\u00e0 l\u2019esclusione dai concorsi a premi di CAM4.<\/p>\n\n\n\n<p> &#8211; La classifica finale sara&#8217; pubblicata venerd\u00ec 5 Giugno 2020.  I vincitori riceveranno un messagio di notifica. <strong>.<\/strong><\/p>\n\n\n\n<hr class=\"wp-block-separator\"\/>\n","protected":false},"excerpt":{"rendered":"<p>\u2728I VINCITORI<strong> VIP MAGGIO<\/strong>\u2728 \u265b Michelina87 <strong>500$ <\/strong> Damarossaaaa <strong>250$ <\/strong>\ud83d\udc8ePeperinixxx<strong> 150$ <\/strong>\ud83d\udc8eFragile7883 <strong> 100$ <\/strong>\ud83d\udc8e Suami_ <strong> 50$ <\/strong>\ud83d\udc8e <em> \u2728 extra<\/p>\n","protected":false},"author":1,"featured_media":0,"parent":0,"menu_order":0,"comment_status":"closed","ping_status":"closed","template":"","meta":[],"yoast_head":"<!-- This site is optimized with the Yoast SEO plugin v19.7.1 - https:\/\/yoast.com\/wordpress\/plugins\/seo\/ -->\n<title>VIP Performer Contest \u2605 Maggio 2020 \u265b | Cam4 Blog Italiano | La migliore video-chat amatoriale web-cam gratis<\/title>\n<meta name=\"robots\" content=\"index, follow, max-snippet:-1, max-image-preview:large, max-video-preview:-1\" \/>\n<link rel=\"canonical\" href=\"https:\/\/it.cam4.com\/blog\/vip-performer-contest-maggio-2020\/\" \/>\n<meta property=\"og:locale\" content=\"en_US\" \/>\n<meta property=\"og:type\" content=\"article\" \/>\n<meta property=\"og:title\" content=\"VIP Performer Contest \u2605 Maggio 2020 \u265b | Cam4 Blog Italiano | La migliore video-chat amatoriale web-cam gratis\" \/>\n<meta property=\"og:description\" content=\"\u2728I VINCITORI VIP MAGGIO\u2728 \u265b Michelina87 500$ Damarossaaaa 250$ \ud83d\udc8ePeperinixxx 150$ \ud83d\udc8eFragile7883 100$ \ud83d\udc8e Suami_ 50$ \ud83d\udc8e \u2728 extra\" \/>\n<meta property=\"og:url\" content=\"https:\/\/it.cam4.com\/blog\/vip-performer-contest-maggio-2020\/\" \/>\n<meta property=\"og:site_name\" content=\"Cam4 Blog Italiano | La migliore video-chat amatoriale web-cam gratis\" \/>\n<meta property=\"article:modified_time\" content=\"2020-06-01T15:59:53+00:00\" \/>\n<meta property=\"og:image\" content=\"https:\/\/it.cam4.com\/blog\/wp-content\/blogs.dir\/3\/files\/2020\/04\/vip-contest-maggio-1024x264.jpg\" \/>\n<meta name=\"twitter:card\" content=\"summary_large_image\" \/>\n<meta name=\"twitter:site\" content=\"@cam4_it\" \/>\n<meta name=\"twitter:label1\" content=\"Est. reading time\" \/>\n\t<meta name=\"twitter:data1\" content=\"2 minutes\" \/>\n<script type=\"application\/ld+json\" class=\"yoast-schema-graph\">{\"@context\":\"https:\/\/schema.org\",\"@graph\":[{\"@type\":\"WebPage\",\"@id\":\"https:\/\/it.cam4.com\/blog\/vip-performer-contest-maggio-2020\/\",\"url\":\"https:\/\/it.cam4.com\/blog\/vip-performer-contest-maggio-2020\/\",\"name\":\"VIP Performer Contest \u2605 Maggio 2020 \u265b | Cam4 Blog Italiano | La migliore video-chat amatoriale web-cam gratis\",\"isPartOf\":{\"@id\":\"https:\/\/it.cam4.com\/blog\/#website\"},\"datePublished\":\"2020-04-30T12:03:32+00:00\",\"dateModified\":\"2020-06-01T15:59:53+00:00\",\"breadcrumb\":{\"@id\":\"https:\/\/it.cam4.com\/blog\/vip-performer-contest-maggio-2020\/#breadcrumb\"},\"inLanguage\":\"en-US\",\"potentialAction\":[{\"@type\":\"ReadAction\",\"target\":[\"https:\/\/it.cam4.com\/blog\/vip-performer-contest-maggio-2020\/\"]}]},{\"@type\":\"BreadcrumbList\",\"@id\":\"https:\/\/it.cam4.com\/blog\/vip-performer-contest-maggio-2020\/#breadcrumb\",\"itemListElement\":[{\"@type\":\"ListItem\",\"position\":1,\"name\":\"VIP Performer Contest \u2605 Maggio 2020 \u265b\"}]},{\"@type\":\"WebSite\",\"@id\":\"https:\/\/it.cam4.com\/blog\/#website\",\"url\":\"https:\/\/it.cam4.com\/blog\/\",\"name\":\"Cam4 Blog Italiano | La migliore video-chat amatoriale web-cam gratis\",\"description\":\"News sulla migliore video-chat sexy amatoriale | Ragazze,ragazzi,trans in web-cam coppie scambiste dal vivo gratis senza censura divertendosi e guadagnando\",\"potentialAction\":[{\"@type\":\"SearchAction\",\"target\":{\"@type\":\"EntryPoint\",\"urlTemplate\":\"https:\/\/it.cam4.com\/blog\/?s={search_term_string}\"},\"query-input\":\"required name=search_term_string\"}],\"inLanguage\":\"en-US\"}]}<\/script>\n<!-- \/ Yoast SEO plugin. -->","yoast_head_json":{"title":"VIP Performer Contest \u2605 Maggio 2020 \u265b | Cam4 Blog Italiano | La migliore video-chat amatoriale web-cam gratis","robots":{"index":"index","follow":"follow","max-snippet":"max-snippet:-1","max-image-preview":"max-image-preview:large","max-video-preview":"max-video-preview:-1"},"canonical":"https:\/\/it.cam4.com\/blog\/vip-performer-contest-maggio-2020\/","og_locale":"en_US","og_type":"article","og_title":"VIP Performer Contest \u2605 Maggio 2020 \u265b | Cam4 Blog Italiano | La migliore video-chat amatoriale web-cam gratis","og_description":"\u2728I VINCITORI VIP MAGGIO\u2728 \u265b Michelina87 500$ Damarossaaaa 250$ \ud83d\udc8ePeperinixxx 150$ \ud83d\udc8eFragile7883 100$ \ud83d\udc8e Suami_ 50$ \ud83d\udc8e \u2728 extra","og_url":"https:\/\/it.cam4.com\/blog\/vip-performer-contest-maggio-2020\/","og_site_name":"Cam4 Blog Italiano | La migliore video-chat amatoriale web-cam gratis","article_modified_time":"2020-06-01T15:59:53+00:00","og_image":[{"url":"https:\/\/it.cam4.com\/blog\/wp-content\/blogs.dir\/3\/files\/2020\/04\/vip-contest-maggio-1024x264.jpg"}],"twitter_card":"summary_large_image","twitter_site":"@cam4_it","twitter_misc":{"Est. reading time":"2 minutes"},"schema":{"@context":"https:\/\/schema.org","@graph":[{"@type":"WebPage","@id":"https:\/\/it.cam4.com\/blog\/vip-performer-contest-maggio-2020\/","url":"https:\/\/it.cam4.com\/blog\/vip-performer-contest-maggio-2020\/","name":"VIP Performer Contest \u2605 Maggio 2020 \u265b | Cam4 Blog Italiano | La migliore video-chat amatoriale web-cam gratis","isPartOf":{"@id":"https:\/\/it.cam4.com\/blog\/#website"},"datePublished":"2020-04-30T12:03:32+00:00","dateModified":"2020-06-01T15:59:53+00:00","breadcrumb":{"@id":"https:\/\/it.cam4.com\/blog\/vip-performer-contest-maggio-2020\/#breadcrumb"},"inLanguage":"en-US","potentialAction":[{"@type":"ReadAction","target":["https:\/\/it.cam4.com\/blog\/vip-performer-contest-maggio-2020\/"]}]},{"@type":"BreadcrumbList","@id":"https:\/\/it.cam4.com\/blog\/vip-performer-contest-maggio-2020\/#breadcrumb","itemListElement":[{"@type":"ListItem","position":1,"name":"VIP Performer Contest \u2605 Maggio 2020 \u265b"}]},{"@type":"WebSite","@id":"https:\/\/it.cam4.com\/blog\/#website","url":"https:\/\/it.cam4.com\/blog\/","name":"Cam4 Blog Italiano | La migliore video-chat amatoriale web-cam gratis","description":"News sulla migliore video-chat sexy amatoriale | Ragazze,ragazzi,trans in web-cam coppie scambiste dal vivo gratis senza censura divertendosi e guadagnando","potentialAction":[{"@type":"SearchAction","target":{"@type":"EntryPoint","urlTemplate":"https:\/\/it.cam4.com\/blog\/?s={search_term_string}"},"query-input":"required name=search_term_string"}],"inLanguage":"en-US"}]}},"_links":{"self":[{"href":"https:\/\/it.cam4.com\/blog\/wp-json\/wp\/v2\/pages\/35880"}],"collection":[{"href":"https:\/\/it.cam4.com\/blog\/wp-json\/wp\/v2\/pages"}],"about":[{"href":"https:\/\/it.cam4.com\/blog\/wp-json\/wp\/v2\/types\/page"}],"author":[{"embeddable":true,"href":"https:\/\/it.cam4.com\/blog\/wp-json\/wp\/v2\/users\/1"}],"replies":[{"embeddable":true,"href":"https:\/\/it.cam4.com\/blog\/wp-json\/wp\/v2\/comments?post=35880"}],"version-history":[{"count":0,"href":"https:\/\/it.cam4.com\/blog\/wp-json\/wp\/v2\/pages\/35880\/revisions"}],"wp:attachment":[{"href":"https:\/\/it.cam4.com\/blog\/wp-json\/wp\/v2\/media?parent=35880"}],"curies":[{"name":"wp","href":"https:\/\/api.w.org\/{rel}","templated":true}]}}