{"id":33063,"date":"2019-07-05T18:06:31","date_gmt":"2019-07-05T16:06:31","guid":{"rendered":"https:\/\/it.blogs.cam4.com\/?page_id=33063"},"modified":"2019-07-05T18:30:35","modified_gmt":"2019-07-05T16:30:35","slug":"vip-performer-cam4-italia-luglio-2019","status":"publish","type":"page","link":"https:\/\/it.cam4.com\/blog\/vip-performer-cam4-italia-luglio-2019\/","title":{"rendered":"VIP Performer Contest di Luglio \u2605 1200$ In Palio \u2605"},"content":{"rendered":"<p style=\"text-align: center;\"><img class=\"aligncenter wp-image-33061 size-large\" src=\"https:\/\/it.cam4.com\/blog\/files\/2019\/07\/VIP_camgirl_it1-1024x283.jpg\" alt=\"VIP_camgirl_it\" width=\"900\" height=\"249\" srcset=\"https:\/\/it.cam4.com\/blog\/wp-content\/blogs.dir\/3\/files\/2019\/07\/VIP_camgirl_it1-1024x283.jpg 1024w, https:\/\/it.cam4.com\/blog\/wp-content\/blogs.dir\/3\/files\/2019\/07\/VIP_camgirl_it1-300x83.jpg 300w, https:\/\/it.cam4.com\/blog\/wp-content\/blogs.dir\/3\/files\/2019\/07\/VIP_camgirl_it1-600x166.jpg 600w\" sizes=\"(max-width: 900px) 100vw, 900px\" \/><\/p>\n<p style=\"text-align: center;\"><strong><span style=\"color: #000000;\">Questo mese CAM4 ha deciso di essere particolarmente generosa con i propri TOP Performer, lanciando per la prima volta un concorso volto a premiare chi guadagner\u00e0 di <\/span><span style=\"color: #000000;\">pi\u00f9: t<\/span><\/strong><span style=\"color: #000000;\"><strong>utti i performer italiani avranno la possibilit\u00e0 di vincere un mega premio da ben <span style=\"color: #993366;\">600$<\/span>!<br \/>\n<\/strong><br \/>\n<strong> Tutto quello che dovrete fare per vincere \u00e8 trasmettere e <span style=\"color: #993366;\"><span style=\"color: #333333;\">guadagnare il pi\u00f9 possibile<\/span><br \/>\ndal 5 al 31 Luglio<\/span>. <\/strong><strong>Al termine del mese, i 4 performer italiani che avranno guadagnato di pi\u00f9, riceveranno incredibili premi!<\/strong><\/span><\/p>\n<h3 style=\"text-align: center;\"><b data-id=\"entity-ember28078\"> <\/b>\u2728 <b data-id=\"entity-ember28079\"><span style=\"color: #993366;\">4<\/span> <span style=\"color: #993366;\">PREMI VIP CAM4 ITALIA <\/span><\/b>\u2728<\/h3>\n<h3 style=\"text-align: center;\"><span style=\"color: #333333;\">1\u00b0 premio:<\/span> <span style=\"color: #993366;\"><strong>600$ <\/strong><\/span>?<\/h3>\n<h3 style=\"text-align: center;\"><span style=\"color: #000000;\">2\u00b0 premio<\/span> <strong><span style=\"color: #993366;\">300$<\/span> ?<br \/>\n<\/strong><\/h3>\n<h3 style=\"text-align: center;\"><span style=\"color: #333333;\">3\u00b0 premio<\/span><strong><span style=\"color: #993366;\"> 200$<\/span> ?<br \/>\n<\/strong><\/h3>\n<h3 style=\"text-align: center;\"><span style=\"color: #333333;\">4\u00b0 premio<\/span><strong><span style=\"color: #993366;\"> 100$<\/span> ?<br \/>\n<\/strong><\/h3>\n<p style=\"text-align: center;\"><span style=\"color: #000000;\">I performer in gara riceverranno degli aggiornamenti settimanali sulla Top Chart tramite messaggio di notifica su CAM4.<\/span><\/p>\n<p style=\"text-align: center;\"><strong><em>ATTENZIONE! Questo \u00e8 il premio pi\u00f9 alto mai visto in un concorso CAM4. Non saranno ammessi passaggi di token fra account n\u00e8 accordi con utenti e performer al fine di alterare i risultati del concorso.<\/em><\/strong><\/p>\n<p>&nbsp;<\/p>\n<hr \/>\n<p>&nbsp;<\/p>\n<h6><span style=\"color: #993366;\"><strong>Regolamento:<\/strong><\/span><\/h6>\n<h6><span style=\"color: #000000;\">&#8211; Vinceranno i premi i 4 performer con i guadagni maggiori.<em> Non rientreranno nel conteggio i guadagni derivanti da bonus, premi e aggiustamenti di altra natura.<br \/>\n<\/em><\/span><\/h6>\n<h6><span style=\"color: #000000;\">&#8211; Il conteggio dei guadagni avr\u00e0 inizio il giorno venerd\u00ec 5 luglio e terminer\u00e0 mercoled\u00ec 31 luglio 2019* <em>(server time: dalle ore 5 am del 5 luglio alle 5 am del 1 Agosto)*.<\/em><\/span><\/h6>\n<h6><span style=\"color: #000000;\">&#8211; Possono vincere i premi solo performer con account verificato.<\/span><\/h6>\n<h6><span style=\"color: #000000;\">&#8211; Non sono ammessi passaggi di token o accordi fra utenti e performer. I passaggi di token da altri account dovranno essere dichiarati tramite email all&#8217;indirizzo: <span style=\"color: #ff9900;\"><a style=\"color: #ff9900;\" href=\"mailto:cam4_it@cam4.com\" target=\"_blank\">cam4_it@cam4.com<\/a><\/span><\/span><\/h6>\n<h6><span style=\"color: #000000;\">&#8211; Ogni tentativo di frode comporter\u00e0 l&#8217;esclusione dal concorso.<\/span><\/h6>\n<h6><span style=\"color: #000000;\">&#8211; Sono ammessi i soli performer che trasmettono dall&#8217;Italia e Svizzera italiana.<\/span><\/h6>\n","protected":false},"excerpt":{"rendered":"<p style=\"text-align: center;\">\n<p style=\"text-align: center;\"><strong>Questo mese CAM4 ha deciso di essere particolarmente generosa con i propri TOP Performer, lanciando per la prima<\/p>\n","protected":false},"author":1,"featured_media":0,"parent":0,"menu_order":0,"comment_status":"open","ping_status":"open","template":"","meta":[],"yoast_head":"<!-- This site is optimized with the Yoast SEO plugin v19.7.1 - https:\/\/yoast.com\/wordpress\/plugins\/seo\/ -->\n<title>VIP Performer Contest di Luglio \u2605 1200$ In Palio \u2605 | Cam4 Blog Italiano | La migliore video-chat amatoriale web-cam gratis<\/title>\n<meta name=\"robots\" content=\"index, follow, max-snippet:-1, max-image-preview:large, max-video-preview:-1\" \/>\n<link rel=\"canonical\" href=\"https:\/\/it.cam4.com\/blog\/vip-performer-cam4-italia-luglio-2019\/\" \/>\n<meta property=\"og:locale\" content=\"en_US\" \/>\n<meta property=\"og:type\" content=\"article\" \/>\n<meta property=\"og:title\" content=\"VIP Performer Contest di Luglio \u2605 1200$ In Palio \u2605 | Cam4 Blog Italiano | La migliore video-chat amatoriale web-cam gratis\" \/>\n<meta property=\"og:description\" content=\"Questo mese CAM4 ha deciso di essere particolarmente generosa con i propri TOP Performer, lanciando per la prima\" \/>\n<meta property=\"og:url\" content=\"https:\/\/it.cam4.com\/blog\/vip-performer-cam4-italia-luglio-2019\/\" \/>\n<meta property=\"og:site_name\" content=\"Cam4 Blog Italiano | La migliore video-chat amatoriale web-cam gratis\" \/>\n<meta property=\"article:modified_time\" content=\"2019-07-05T16:30:35+00:00\" \/>\n<meta property=\"og:image\" content=\"https:\/\/it.cam4.com\/blog\/files\/2019\/07\/VIP_camgirl_it1-1024x283.jpg\" \/>\n<meta name=\"twitter:card\" content=\"summary_large_image\" \/>\n<meta name=\"twitter:site\" content=\"@cam4_it\" \/>\n<meta name=\"twitter:label1\" content=\"Est. reading time\" \/>\n\t<meta name=\"twitter:data1\" content=\"1 minute\" \/>\n<script type=\"application\/ld+json\" class=\"yoast-schema-graph\">{\"@context\":\"https:\/\/schema.org\",\"@graph\":[{\"@type\":\"WebPage\",\"@id\":\"https:\/\/it.cam4.com\/blog\/vip-performer-cam4-italia-luglio-2019\/\",\"url\":\"https:\/\/it.cam4.com\/blog\/vip-performer-cam4-italia-luglio-2019\/\",\"name\":\"VIP Performer Contest di Luglio \u2605 1200$ In Palio \u2605 | Cam4 Blog Italiano | La migliore video-chat amatoriale web-cam gratis\",\"isPartOf\":{\"@id\":\"https:\/\/it.cam4.com\/blog\/#website\"},\"datePublished\":\"2019-07-05T16:06:31+00:00\",\"dateModified\":\"2019-07-05T16:30:35+00:00\",\"breadcrumb\":{\"@id\":\"https:\/\/it.cam4.com\/blog\/vip-performer-cam4-italia-luglio-2019\/#breadcrumb\"},\"inLanguage\":\"en-US\",\"potentialAction\":[{\"@type\":\"ReadAction\",\"target\":[\"https:\/\/it.cam4.com\/blog\/vip-performer-cam4-italia-luglio-2019\/\"]}]},{\"@type\":\"BreadcrumbList\",\"@id\":\"https:\/\/it.cam4.com\/blog\/vip-performer-cam4-italia-luglio-2019\/#breadcrumb\",\"itemListElement\":[{\"@type\":\"ListItem\",\"position\":1,\"name\":\"VIP Performer Contest di Luglio \u2605 1200$ In Palio \u2605\"}]},{\"@type\":\"WebSite\",\"@id\":\"https:\/\/it.cam4.com\/blog\/#website\",\"url\":\"https:\/\/it.cam4.com\/blog\/\",\"name\":\"Cam4 Blog Italiano | La migliore video-chat amatoriale web-cam gratis\",\"description\":\"News sulla migliore video-chat sexy amatoriale | Ragazze,ragazzi,trans in web-cam coppie scambiste dal vivo gratis senza censura divertendosi e guadagnando\",\"potentialAction\":[{\"@type\":\"SearchAction\",\"target\":{\"@type\":\"EntryPoint\",\"urlTemplate\":\"https:\/\/it.cam4.com\/blog\/?s={search_term_string}\"},\"query-input\":\"required name=search_term_string\"}],\"inLanguage\":\"en-US\"}]}<\/script>\n<!-- \/ Yoast SEO plugin. -->","yoast_head_json":{"title":"VIP Performer Contest di Luglio \u2605 1200$ In Palio \u2605 | Cam4 Blog Italiano | La migliore video-chat amatoriale web-cam gratis","robots":{"index":"index","follow":"follow","max-snippet":"max-snippet:-1","max-image-preview":"max-image-preview:large","max-video-preview":"max-video-preview:-1"},"canonical":"https:\/\/it.cam4.com\/blog\/vip-performer-cam4-italia-luglio-2019\/","og_locale":"en_US","og_type":"article","og_title":"VIP Performer Contest di Luglio \u2605 1200$ In Palio \u2605 | Cam4 Blog Italiano | La migliore video-chat amatoriale web-cam gratis","og_description":"Questo mese CAM4 ha deciso di essere particolarmente generosa con i propri TOP Performer, lanciando per la prima","og_url":"https:\/\/it.cam4.com\/blog\/vip-performer-cam4-italia-luglio-2019\/","og_site_name":"Cam4 Blog Italiano | La migliore video-chat amatoriale web-cam gratis","article_modified_time":"2019-07-05T16:30:35+00:00","og_image":[{"url":"https:\/\/it.cam4.com\/blog\/files\/2019\/07\/VIP_camgirl_it1-1024x283.jpg"}],"twitter_card":"summary_large_image","twitter_site":"@cam4_it","twitter_misc":{"Est. reading time":"1 minute"},"schema":{"@context":"https:\/\/schema.org","@graph":[{"@type":"WebPage","@id":"https:\/\/it.cam4.com\/blog\/vip-performer-cam4-italia-luglio-2019\/","url":"https:\/\/it.cam4.com\/blog\/vip-performer-cam4-italia-luglio-2019\/","name":"VIP Performer Contest di Luglio \u2605 1200$ In Palio \u2605 | Cam4 Blog Italiano | La migliore video-chat amatoriale web-cam gratis","isPartOf":{"@id":"https:\/\/it.cam4.com\/blog\/#website"},"datePublished":"2019-07-05T16:06:31+00:00","dateModified":"2019-07-05T16:30:35+00:00","breadcrumb":{"@id":"https:\/\/it.cam4.com\/blog\/vip-performer-cam4-italia-luglio-2019\/#breadcrumb"},"inLanguage":"en-US","potentialAction":[{"@type":"ReadAction","target":["https:\/\/it.cam4.com\/blog\/vip-performer-cam4-italia-luglio-2019\/"]}]},{"@type":"BreadcrumbList","@id":"https:\/\/it.cam4.com\/blog\/vip-performer-cam4-italia-luglio-2019\/#breadcrumb","itemListElement":[{"@type":"ListItem","position":1,"name":"VIP Performer Contest di Luglio \u2605 1200$ In Palio \u2605"}]},{"@type":"WebSite","@id":"https:\/\/it.cam4.com\/blog\/#website","url":"https:\/\/it.cam4.com\/blog\/","name":"Cam4 Blog Italiano | La migliore video-chat amatoriale web-cam gratis","description":"News sulla migliore video-chat sexy amatoriale | Ragazze,ragazzi,trans in web-cam coppie scambiste dal vivo gratis senza censura divertendosi e guadagnando","potentialAction":[{"@type":"SearchAction","target":{"@type":"EntryPoint","urlTemplate":"https:\/\/it.cam4.com\/blog\/?s={search_term_string}"},"query-input":"required name=search_term_string"}],"inLanguage":"en-US"}]}},"_links":{"self":[{"href":"https:\/\/it.cam4.com\/blog\/wp-json\/wp\/v2\/pages\/33063"}],"collection":[{"href":"https:\/\/it.cam4.com\/blog\/wp-json\/wp\/v2\/pages"}],"about":[{"href":"https:\/\/it.cam4.com\/blog\/wp-json\/wp\/v2\/types\/page"}],"author":[{"embeddable":true,"href":"https:\/\/it.cam4.com\/blog\/wp-json\/wp\/v2\/users\/1"}],"replies":[{"embeddable":true,"href":"https:\/\/it.cam4.com\/blog\/wp-json\/wp\/v2\/comments?post=33063"}],"version-history":[{"count":0,"href":"https:\/\/it.cam4.com\/blog\/wp-json\/wp\/v2\/pages\/33063\/revisions"}],"wp:attachment":[{"href":"https:\/\/it.cam4.com\/blog\/wp-json\/wp\/v2\/media?parent=33063"}],"curies":[{"name":"wp","href":"https:\/\/api.w.org\/{rel}","templated":true}]}}